{"id":91666,"date":"2023-07-26T00:35:08","date_gmt":"2023-07-25T21:35:08","guid":{"rendered":"https:\/\/exlibris.ee\/toode\/vorstadkrokodile\/"},"modified":"2026-04-17T15:28:07","modified_gmt":"2026-04-17T12:28:07","slug":"vorstadkrokodile","status":"publish","type":"product","link":"https:\/\/exlibris.ee\/ru\/produkt\/vorstadkrokodile\/","title":{"rendered":"Vorstadkrokodile"},"content":{"rendered":"<p>Die Vorstadtkrokodile sind die Bande von Olaf und seinen Freunden. Wer dazu geh\u00f6ren will, muss gut Radfahren k\u00f6nnen und eine gef\u00e4hrliche Mutprobe bestehen. Kurt sitzt im Rollstuhl und tr\u00e4umt davon, ein \u201eKrokodiler\u201c zu werden. Er scheint keine Chance zu haben, doch dann macht er mit seinem Fernglas eine Beobachtung und beweist, dass er genauso mutig ist wie die anderen.<\/p>\n","protected":false},"excerpt":{"rendered":"<p>Die Vorstadtkrokodile sind die Bande von Olaf und seinen Freunden. Wer dazu geh\u00f6ren will, muss gut Radfahren k\u00f6nnen und eine gef\u00e4hrliche Mutprobe bestehen. Kurt sitzt im Rollstuhl und tr\u00e4umt davon, ein \u201eKrokodiler\u201c zu werden. Er scheint keine Chance zu haben,&#8230;<\/p>\n","protected":false},"featured_media":320389,"template":"","meta":{"_acf_changed":false,"inline_featured_image":false},"product_brand":[],"product_cat":[851],"product_tag":[],"series":[{"id":1498,"name":"Deutsch leichter lesen","slug":"deutsch-leichter-lesen"}],"publisher":[{"id":473,"name":"Klett Verlag","slug":"klett-verlag"}],"class_list":{"0":"post-91666","1":"product","2":"type-product","3":"status-publish","4":"has-post-thumbnail","6":"product_cat-lesetexte-deutsch","7":"series-deutsch-leichter-lesen","8":"publisher-klett-verlag","10":"first","11":"onbackorder","12":"taxable","13":"shipping-taxable","14":"purchasable","15":"product-type-simple"},"acf":[],"_links":{"self":[{"href":"https:\/\/exlibris.ee\/ru\/wp-json\/wp\/v2\/product\/91666","targetHints":{"allow":["GET"]}}],"collection":[{"href":"https:\/\/exlibris.ee\/ru\/wp-json\/wp\/v2\/product"}],"about":[{"href":"https:\/\/exlibris.ee\/ru\/wp-json\/wp\/v2\/types\/product"}],"wp:featuredmedia":[{"embeddable":true,"href":"https:\/\/exlibris.ee\/ru\/wp-json\/wp\/v2\/media\/320389"}],"wp:attachment":[{"href":"https:\/\/exlibris.ee\/ru\/wp-json\/wp\/v2\/media?parent=91666"}],"wp:term":[{"taxonomy":"product_brand","embeddable":true,"href":"https:\/\/exlibris.ee\/ru\/wp-json\/wp\/v2\/product_brand?post=91666"},{"taxonomy":"product_cat","embeddable":true,"href":"https:\/\/exlibris.ee\/ru\/wp-json\/wp\/v2\/product_cat?post=91666"},{"taxonomy":"product_tag","embeddable":true,"href":"https:\/\/exlibris.ee\/ru\/wp-json\/wp\/v2\/product_tag?post=91666"},{"taxonomy":"series","embeddable":true,"href":"https:\/\/exlibris.ee\/ru\/wp-json\/wp\/v2\/series?post=91666"},{"taxonomy":"publisher","embeddable":true,"href":"https:\/\/exlibris.ee\/ru\/wp-json\/wp\/v2\/publisher?post=91666"}],"curies":[{"name":"wp","href":"https:\/\/api.w.org\/{rel}","templated":true}]}}