{"id":91668,"date":"2023-07-26T00:35:09","date_gmt":"2023-07-25T21:35:09","guid":{"rendered":"https:\/\/exlibris.ee\/toode\/timm-thaler\/"},"modified":"2026-05-03T09:31:36","modified_gmt":"2026-05-03T06:31:36","slug":"timm-thaler","status":"publish","type":"product","link":"https:\/\/exlibris.ee\/ru\/produkt\/timm-thaler\/","title":{"rendered":"Timm Thaler"},"content":{"rendered":"<p>Wenn Timm Thaler lacht, dann lachen alle laut mit. Deshalb m\u00f6chte der geheimnisvolle und reiche Baron Lefuet Timm sein wundervolles Lachen abkaufen. Er schl\u00e4gt dem Jungen einen Handel vor: Verkaufe mir dein Lachen und du wirst jede Wette gewinnen. Timm unterschreibt den Vertrag und kann sich nun alle W\u00fcnsche erf\u00fcllen. Aber ohne sein Lachen ist er nicht mehr er selbst und wird immer einsamer. Timm will sein Lachen zur\u00fcck und hat einen schlauen Plan. Wird ihm der gelingen?<\/p>\n","protected":false},"excerpt":{"rendered":"<p>Wenn Timm Thaler lacht, dann lachen alle laut mit. Deshalb m\u00f6chte der geheimnisvolle und reiche Baron Lefuet Timm sein wundervolles Lachen abkaufen. Er schl\u00e4gt dem Jungen einen Handel vor: Verkaufe mir dein Lachen und du wirst jede Wette gewinnen. Timm&#8230;<\/p>\n","protected":false},"featured_media":624978,"template":"","meta":{"_acf_changed":false,"inline_featured_image":false},"product_brand":[],"product_cat":[851],"product_tag":[],"series":[{"id":1498,"name":"Deutsch leichter lesen","slug":"deutsch-leichter-lesen"}],"publisher":[{"id":473,"name":"Klett Verlag","slug":"klett-verlag"}],"class_list":{"0":"post-91668","1":"product","2":"type-product","3":"status-publish","4":"has-post-thumbnail","6":"product_cat-lesetexte-deutsch","7":"series-deutsch-leichter-lesen","8":"publisher-klett-verlag","10":"first","11":"onbackorder","12":"taxable","13":"shipping-taxable","14":"purchasable","15":"product-type-simple"},"acf":[],"_links":{"self":[{"href":"https:\/\/exlibris.ee\/ru\/wp-json\/wp\/v2\/product\/91668","targetHints":{"allow":["GET"]}}],"collection":[{"href":"https:\/\/exlibris.ee\/ru\/wp-json\/wp\/v2\/product"}],"about":[{"href":"https:\/\/exlibris.ee\/ru\/wp-json\/wp\/v2\/types\/product"}],"wp:featuredmedia":[{"embeddable":true,"href":"https:\/\/exlibris.ee\/ru\/wp-json\/wp\/v2\/media\/624978"}],"wp:attachment":[{"href":"https:\/\/exlibris.ee\/ru\/wp-json\/wp\/v2\/media?parent=91668"}],"wp:term":[{"taxonomy":"product_brand","embeddable":true,"href":"https:\/\/exlibris.ee\/ru\/wp-json\/wp\/v2\/product_brand?post=91668"},{"taxonomy":"product_cat","embeddable":true,"href":"https:\/\/exlibris.ee\/ru\/wp-json\/wp\/v2\/product_cat?post=91668"},{"taxonomy":"product_tag","embeddable":true,"href":"https:\/\/exlibris.ee\/ru\/wp-json\/wp\/v2\/product_tag?post=91668"},{"taxonomy":"series","embeddable":true,"href":"https:\/\/exlibris.ee\/ru\/wp-json\/wp\/v2\/series?post=91668"},{"taxonomy":"publisher","embeddable":true,"href":"https:\/\/exlibris.ee\/ru\/wp-json\/wp\/v2\/publisher?post=91668"}],"curies":[{"name":"wp","href":"https:\/\/api.w.org\/{rel}","templated":true}]}}