{"id":91669,"date":"2023-07-26T00:35:09","date_gmt":"2023-07-25T21:35:09","guid":{"rendered":"https:\/\/exlibris.ee\/toode\/herr-der-diebe\/"},"modified":"2026-04-04T03:11:43","modified_gmt":"2026-04-04T00:11:43","slug":"herr-der-diebe","status":"publish","type":"product","link":"https:\/\/exlibris.ee\/ru\/produkt\/herr-der-diebe\/","title":{"rendered":"Herr der Diebe"},"content":{"rendered":"<p>Nach dem Tod ihrer Mutter fliehen die Br\u00fcder Prosper und Bo vor ihrer Tante Esther nach Venedig. Dort nimmt eine kleine Gruppe junger Diebe die beiden auf. Ihr Chef ist der geheimnisvolle Herr der Diebe, der f\u00fcr alle sorgt. Die Kinder kennen weder seinen Namen noch wissen sie etwas \u00fcber seine Herkunft. Im Auftrag ihrer Tante soll der Detektiv Victor Getz die Br\u00fcder suchen. Als er sie findet, ist die Gemeinschaft der Kinder in Gefahr. Und auch der r\u00e4tselhafte Auftrag des mysteri\u00f6sen \u201eConte\u201c wird alles ver\u00e4ndern \u2026<\/p>\n","protected":false},"excerpt":{"rendered":"<p>Nach dem Tod ihrer Mutter fliehen die Br\u00fcder Prosper und Bo vor ihrer Tante Esther nach Venedig. Dort nimmt eine kleine Gruppe junger Diebe die beiden auf. Ihr Chef ist der geheimnisvolle Herr der Diebe, der f\u00fcr alle sorgt. Die&#8230;<\/p>\n","protected":false},"featured_media":91396,"template":"","meta":{"_acf_changed":false,"inline_featured_image":false},"product_brand":[],"product_cat":[851],"product_tag":[],"series":[{"id":1498,"name":"Deutsch leichter lesen","slug":"deutsch-leichter-lesen"}],"publisher":[{"id":473,"name":"Klett Verlag","slug":"klett-verlag"}],"class_list":{"0":"post-91669","1":"product","2":"type-product","3":"status-publish","4":"has-post-thumbnail","6":"product_cat-lesetexte-deutsch","7":"series-deutsch-leichter-lesen","8":"publisher-klett-verlag","10":"first","11":"onbackorder","12":"taxable","13":"shipping-taxable","14":"purchasable","15":"product-type-simple"},"acf":[],"_links":{"self":[{"href":"https:\/\/exlibris.ee\/ru\/wp-json\/wp\/v2\/product\/91669","targetHints":{"allow":["GET"]}}],"collection":[{"href":"https:\/\/exlibris.ee\/ru\/wp-json\/wp\/v2\/product"}],"about":[{"href":"https:\/\/exlibris.ee\/ru\/wp-json\/wp\/v2\/types\/product"}],"wp:featuredmedia":[{"embeddable":true,"href":"https:\/\/exlibris.ee\/ru\/wp-json\/wp\/v2\/media\/91396"}],"wp:attachment":[{"href":"https:\/\/exlibris.ee\/ru\/wp-json\/wp\/v2\/media?parent=91669"}],"wp:term":[{"taxonomy":"product_brand","embeddable":true,"href":"https:\/\/exlibris.ee\/ru\/wp-json\/wp\/v2\/product_brand?post=91669"},{"taxonomy":"product_cat","embeddable":true,"href":"https:\/\/exlibris.ee\/ru\/wp-json\/wp\/v2\/product_cat?post=91669"},{"taxonomy":"product_tag","embeddable":true,"href":"https:\/\/exlibris.ee\/ru\/wp-json\/wp\/v2\/product_tag?post=91669"},{"taxonomy":"series","embeddable":true,"href":"https:\/\/exlibris.ee\/ru\/wp-json\/wp\/v2\/series?post=91669"},{"taxonomy":"publisher","embeddable":true,"href":"https:\/\/exlibris.ee\/ru\/wp-json\/wp\/v2\/publisher?post=91669"}],"curies":[{"name":"wp","href":"https:\/\/api.w.org\/{rel}","templated":true}]}}