{"id":91670,"date":"2023-07-26T00:35:09","date_gmt":"2023-07-25T21:35:09","guid":{"rendered":"https:\/\/exlibris.ee\/toode\/die-unendliche-geschichte\/"},"modified":"2026-04-03T09:12:57","modified_gmt":"2026-04-03T06:12:57","slug":"die-unendliche-geschichte","status":"publish","type":"product","link":"https:\/\/exlibris.ee\/ru\/produkt\/die-unendliche-geschichte\/","title":{"rendered":"Die unendliche Geschichte"},"content":{"rendered":"<p>In einer Buchhandlung findet Bastian Balthasar Bux ein geheimnisvolles Buch: Die unendliche Geschichte. Er liest begeistert von den Abenteuern des Helden Atr\u00e9ju und dessen Aufgabe das Land Phant\u00e1sien und seine Herrscherin, die Kindliche Kaiserin, zu retten. Je l\u00e4nger Bastian liest, umso mehr wird er Teil der Geschichte und schon bald ist er selbst in Phant\u00e1sien. Bastian kann dort all das sein, was er in seiner Welt nicht ist. Aber der Preis daf\u00fcr ist hoch und schon bald fragt er sich, wie er dieses Land, das keine Grenzen hat, wieder verlassen kann?<\/p>\n","protected":false},"excerpt":{"rendered":"<p>In einer Buchhandlung findet Bastian Balthasar Bux ein geheimnisvolles Buch: Die unendliche Geschichte. Er liest begeistert von den Abenteuern des Helden Atr\u00e9ju und dessen Aufgabe das Land Phant\u00e1sien und seine Herrscherin, die Kindliche Kaiserin, zu retten. Je l\u00e4nger Bastian liest,&#8230;<\/p>\n","protected":false},"featured_media":91399,"template":"","meta":{"_acf_changed":false,"inline_featured_image":false},"product_brand":[],"product_cat":[851],"product_tag":[],"series":[{"id":1498,"name":"Deutsch leichter lesen","slug":"deutsch-leichter-lesen"}],"publisher":[{"id":473,"name":"Klett Verlag","slug":"klett-verlag"}],"class_list":{"0":"post-91670","1":"product","2":"type-product","3":"status-publish","4":"has-post-thumbnail","6":"product_cat-lesetexte-deutsch","7":"series-deutsch-leichter-lesen","8":"publisher-klett-verlag","10":"first","11":"instock","12":"taxable","13":"shipping-taxable","14":"purchasable","15":"product-type-simple"},"acf":[],"_links":{"self":[{"href":"https:\/\/exlibris.ee\/ru\/wp-json\/wp\/v2\/product\/91670","targetHints":{"allow":["GET"]}}],"collection":[{"href":"https:\/\/exlibris.ee\/ru\/wp-json\/wp\/v2\/product"}],"about":[{"href":"https:\/\/exlibris.ee\/ru\/wp-json\/wp\/v2\/types\/product"}],"wp:featuredmedia":[{"embeddable":true,"href":"https:\/\/exlibris.ee\/ru\/wp-json\/wp\/v2\/media\/91399"}],"wp:attachment":[{"href":"https:\/\/exlibris.ee\/ru\/wp-json\/wp\/v2\/media?parent=91670"}],"wp:term":[{"taxonomy":"product_brand","embeddable":true,"href":"https:\/\/exlibris.ee\/ru\/wp-json\/wp\/v2\/product_brand?post=91670"},{"taxonomy":"product_cat","embeddable":true,"href":"https:\/\/exlibris.ee\/ru\/wp-json\/wp\/v2\/product_cat?post=91670"},{"taxonomy":"product_tag","embeddable":true,"href":"https:\/\/exlibris.ee\/ru\/wp-json\/wp\/v2\/product_tag?post=91670"},{"taxonomy":"series","embeddable":true,"href":"https:\/\/exlibris.ee\/ru\/wp-json\/wp\/v2\/series?post=91670"},{"taxonomy":"publisher","embeddable":true,"href":"https:\/\/exlibris.ee\/ru\/wp-json\/wp\/v2\/publisher?post=91670"}],"curies":[{"name":"wp","href":"https:\/\/api.w.org\/{rel}","templated":true}]}}