{"id":91671,"date":"2023-07-26T00:35:09","date_gmt":"2023-07-25T21:35:09","guid":{"rendered":"https:\/\/exlibris.ee\/toode\/erebos\/"},"modified":"2026-04-11T17:26:19","modified_gmt":"2026-04-11T14:26:19","slug":"erebos","status":"publish","type":"product","link":"https:\/\/exlibris.ee\/ru\/produkt\/erebos\/","title":{"rendered":"Erebos"},"content":{"rendered":"<p>An Nicks Schule sind alle von dem Online-Rollenspiel \u201eErebos\u201c fasziniert. Wer es beginnt, kommt nicht mehr davon los. Doch die Spielregeln sind sehr streng: Man hat nur eine Chance. Man darf mit niemandem dar\u00fcber sprechen. Man muss immer allein spielen. Wer gegen die Regeln verst\u00f6\u00dft oder seine Aufgaben nicht erf\u00fcllt, fliegt raus. Doch \u201eErebos\u201c scheint seine Spieler zu kennen. Es spricht mit ihnen, beobachtet sie, pr\u00fcft sie. Immer st\u00e4rker nimmt das Spiel Einfluss auf das Geschehen in der realen Welt. Um voranzukommen, soll Nick sogar einen Menschen umbringen. Wie weit wird er gehen, um im Spiel zu bleiben?<\/p>\n","protected":false},"excerpt":{"rendered":"<p>An Nicks Schule sind alle von dem Online-Rollenspiel \u201eErebos\u201c fasziniert. Wer es beginnt, kommt nicht mehr davon los. Doch die Spielregeln sind sehr streng: Man hat nur eine Chance. Man darf mit niemandem dar\u00fcber sprechen. Man muss immer allein spielen&#8230;.<\/p>\n","protected":false},"featured_media":201788,"template":"","meta":{"_acf_changed":false,"inline_featured_image":false},"product_brand":[],"product_cat":[851],"product_tag":[],"series":[{"id":1498,"name":"Deutsch leichter lesen","slug":"deutsch-leichter-lesen"}],"publisher":[{"id":473,"name":"Klett Verlag","slug":"klett-verlag"}],"class_list":{"0":"post-91671","1":"product","2":"type-product","3":"status-publish","4":"has-post-thumbnail","6":"product_cat-lesetexte-deutsch","7":"series-deutsch-leichter-lesen","8":"publisher-klett-verlag","10":"first","11":"instock","12":"taxable","13":"shipping-taxable","14":"purchasable","15":"product-type-simple"},"acf":[],"_links":{"self":[{"href":"https:\/\/exlibris.ee\/ru\/wp-json\/wp\/v2\/product\/91671","targetHints":{"allow":["GET"]}}],"collection":[{"href":"https:\/\/exlibris.ee\/ru\/wp-json\/wp\/v2\/product"}],"about":[{"href":"https:\/\/exlibris.ee\/ru\/wp-json\/wp\/v2\/types\/product"}],"wp:featuredmedia":[{"embeddable":true,"href":"https:\/\/exlibris.ee\/ru\/wp-json\/wp\/v2\/media\/201788"}],"wp:attachment":[{"href":"https:\/\/exlibris.ee\/ru\/wp-json\/wp\/v2\/media?parent=91671"}],"wp:term":[{"taxonomy":"product_brand","embeddable":true,"href":"https:\/\/exlibris.ee\/ru\/wp-json\/wp\/v2\/product_brand?post=91671"},{"taxonomy":"product_cat","embeddable":true,"href":"https:\/\/exlibris.ee\/ru\/wp-json\/wp\/v2\/product_cat?post=91671"},{"taxonomy":"product_tag","embeddable":true,"href":"https:\/\/exlibris.ee\/ru\/wp-json\/wp\/v2\/product_tag?post=91671"},{"taxonomy":"series","embeddable":true,"href":"https:\/\/exlibris.ee\/ru\/wp-json\/wp\/v2\/series?post=91671"},{"taxonomy":"publisher","embeddable":true,"href":"https:\/\/exlibris.ee\/ru\/wp-json\/wp\/v2\/publisher?post=91671"}],"curies":[{"name":"wp","href":"https:\/\/api.w.org\/{rel}","templated":true}]}}