{"id":91673,"date":"2023-07-26T00:35:09","date_gmt":"2023-07-25T21:35:09","guid":{"rendered":"https:\/\/exlibris.ee\/toode\/klipp-und-klar-grundstufe-neu\/"},"modified":"2026-04-07T21:16:55","modified_gmt":"2026-04-07T18:16:55","slug":"klipp-und-klar-grundstufe-neu","status":"publish","type":"product","link":"https:\/\/exlibris.ee\/ru\/produkt\/klipp-und-klar-grundstufe-neu\/","title":{"rendered":"Klipp und Klar Grundstufe neu"},"content":{"rendered":"<p>Der bew\u00e4hrte Grammatik-Klassiker f\u00fcr Deutsch als Fremdsprache und Deutsch als Zweitsprache in einer neuen Ausgabe \u2013 grundlegend bearbeitet und aktualisiert. F\u00fcr das Selbststudium und erg\u00e4nzend im Deutschkurs. Alle Grammatik-Themen von A1 bis B1 in 99 \u00fcbersichtlichen Kapiteln. Leichte Orientierung durch klare Gruppierung der Themen.<\/p>\n","protected":false},"excerpt":{"rendered":"<p>Der bew\u00e4hrte Grammatik-Klassiker f\u00fcr Deutsch als Fremdsprache und Deutsch als Zweitsprache in einer neuen Ausgabe \u2013 grundlegend bearbeitet und aktualisiert. F\u00fcr das Selbststudium und erg\u00e4nzend im Deutschkurs. Alle Grammatik-Themen von A1 bis B1 in 99 \u00fcbersichtlichen Kapiteln. Leichte Orientierung durch&#8230;<\/p>\n","protected":false},"featured_media":91408,"template":"","meta":{"_acf_changed":false,"inline_featured_image":false},"product_brand":[],"product_cat":[480],"product_tag":[],"series":[],"publisher":[{"id":473,"name":"Klett Verlag","slug":"klett-verlag"}],"class_list":{"0":"post-91673","1":"product","2":"type-product","3":"status-publish","4":"has-post-thumbnail","6":"product_cat-grammatiken","7":"publisher-klett-verlag","9":"first","10":"onbackorder","11":"taxable","12":"shipping-taxable","13":"purchasable","14":"product-type-simple"},"acf":[],"_links":{"self":[{"href":"https:\/\/exlibris.ee\/ru\/wp-json\/wp\/v2\/product\/91673","targetHints":{"allow":["GET"]}}],"collection":[{"href":"https:\/\/exlibris.ee\/ru\/wp-json\/wp\/v2\/product"}],"about":[{"href":"https:\/\/exlibris.ee\/ru\/wp-json\/wp\/v2\/types\/product"}],"wp:featuredmedia":[{"embeddable":true,"href":"https:\/\/exlibris.ee\/ru\/wp-json\/wp\/v2\/media\/91408"}],"wp:attachment":[{"href":"https:\/\/exlibris.ee\/ru\/wp-json\/wp\/v2\/media?parent=91673"}],"wp:term":[{"taxonomy":"product_brand","embeddable":true,"href":"https:\/\/exlibris.ee\/ru\/wp-json\/wp\/v2\/product_brand?post=91673"},{"taxonomy":"product_cat","embeddable":true,"href":"https:\/\/exlibris.ee\/ru\/wp-json\/wp\/v2\/product_cat?post=91673"},{"taxonomy":"product_tag","embeddable":true,"href":"https:\/\/exlibris.ee\/ru\/wp-json\/wp\/v2\/product_tag?post=91673"},{"taxonomy":"series","embeddable":true,"href":"https:\/\/exlibris.ee\/ru\/wp-json\/wp\/v2\/series?post=91673"},{"taxonomy":"publisher","embeddable":true,"href":"https:\/\/exlibris.ee\/ru\/wp-json\/wp\/v2\/publisher?post=91673"}],"curies":[{"name":"wp","href":"https:\/\/api.w.org\/{rel}","templated":true}]}}