{"id":91682,"date":"2023-07-26T00:35:10","date_gmt":"2023-07-25T21:35:10","guid":{"rendered":"https:\/\/exlibris.ee\/toode\/interaktive-ubungen-und-spiele\/"},"modified":"2026-04-18T08:48:33","modified_gmt":"2026-04-18T05:48:33","slug":"interaktive-ubungen-und-spiele","status":"publish","type":"product","link":"https:\/\/exlibris.ee\/ru\/produkt\/interaktive-ubungen-und-spiele\/","title":{"rendered":"Interaktive \u00dcbungen und Spiele"},"content":{"rendered":"<p>Mit dieser Sammlung an Wortschatzspielen und \u00dcbungsaufgaben lernen Sch\u00fclerinnen und Sch\u00fcler ab Klasse 2 am Computer den Basiswortschatz zu allen wichtigen Alltagsthemen. Zu jedem der 9 Themenbereiche finden sich abwechslungsreiche Spiele, die selbstst\u00e4ndig bearbeitet werden k\u00f6nnen. So k\u00f6nnen die Sch\u00fcler\/-innen ihr Lerntempo selbst bestimmen und stressfrei \u00fcben. Da alle W\u00f6rter und Wendungen vorgesprochen werden, wird auch das H\u00f6rverstehen unterst\u00fctzt. Die ausdruckbaren Urkunden zum Sammeln motivieren die Kinder und zeigen, welche Lernfortschritte bereits erreicht wurden. Die Wortschatzspiele erg\u00e4nzen die Heftreihe Wortschatz \u00fcben ideal, sind aber auch vollkommen unabh\u00e4ngig davon einsetzbar!<\/p>\n","protected":false},"excerpt":{"rendered":"<p>Mit dieser Sammlung an Wortschatzspielen und \u00dcbungsaufgaben lernen Sch\u00fclerinnen und Sch\u00fcler ab Klasse 2 am Computer den Basiswortschatz zu allen wichtigen Alltagsthemen. Zu jedem der 9 Themenbereiche finden sich abwechslungsreiche Spiele, die selbstst\u00e4ndig bearbeitet werden k\u00f6nnen. So k\u00f6nnen die Sch\u00fcler\/-innen&#8230;<\/p>\n","protected":false},"featured_media":91435,"template":"","meta":{"_acf_changed":false,"inline_featured_image":false},"product_brand":[],"product_cat":[884],"product_tag":[],"series":[],"publisher":[{"id":473,"name":"Klett Verlag","slug":"klett-verlag"}],"class_list":{"0":"post-91682","1":"product","2":"type-product","3":"status-publish","4":"has-post-thumbnail","6":"product_cat-wortschatz","7":"publisher-klett-verlag","9":"first","10":"outofstock","11":"taxable","12":"shipping-taxable","13":"purchasable","14":"product-type-simple"},"acf":[],"_links":{"self":[{"href":"https:\/\/exlibris.ee\/ru\/wp-json\/wp\/v2\/product\/91682","targetHints":{"allow":["GET"]}}],"collection":[{"href":"https:\/\/exlibris.ee\/ru\/wp-json\/wp\/v2\/product"}],"about":[{"href":"https:\/\/exlibris.ee\/ru\/wp-json\/wp\/v2\/types\/product"}],"wp:featuredmedia":[{"embeddable":true,"href":"https:\/\/exlibris.ee\/ru\/wp-json\/wp\/v2\/media\/91435"}],"wp:attachment":[{"href":"https:\/\/exlibris.ee\/ru\/wp-json\/wp\/v2\/media?parent=91682"}],"wp:term":[{"taxonomy":"product_brand","embeddable":true,"href":"https:\/\/exlibris.ee\/ru\/wp-json\/wp\/v2\/product_brand?post=91682"},{"taxonomy":"product_cat","embeddable":true,"href":"https:\/\/exlibris.ee\/ru\/wp-json\/wp\/v2\/product_cat?post=91682"},{"taxonomy":"product_tag","embeddable":true,"href":"https:\/\/exlibris.ee\/ru\/wp-json\/wp\/v2\/product_tag?post=91682"},{"taxonomy":"series","embeddable":true,"href":"https:\/\/exlibris.ee\/ru\/wp-json\/wp\/v2\/series?post=91682"},{"taxonomy":"publisher","embeddable":true,"href":"https:\/\/exlibris.ee\/ru\/wp-json\/wp\/v2\/publisher?post=91682"}],"curies":[{"name":"wp","href":"https:\/\/api.w.org\/{rel}","templated":true}]}}