{"id":91699,"date":"2023-07-26T00:35:12","date_gmt":"2023-07-25T21:35:12","guid":{"rendered":"https:\/\/exlibris.ee\/toode\/der-wolf-und-die-7-geislein\/"},"modified":"2026-04-04T21:16:26","modified_gmt":"2026-04-04T18:16:26","slug":"der-wolf-und-die-7-geislein","status":"publish","type":"product","link":"https:\/\/exlibris.ee\/ru\/produkt\/der-wolf-und-die-7-geislein\/","title":{"rendered":"Der Wolf und die 7 Gei\u00dflein"},"content":{"rendered":"<p>Der Wolf und die sieben Gei\u00dflein, aufbereitet und illustriert f\u00fcr junge Lerner im Grundschulalter.<\/p>\n","protected":false},"excerpt":{"rendered":"<p>Der Wolf und die sieben Gei\u00dflein, aufbereitet und illustriert f\u00fcr junge Lerner im Grundschulalter.<\/p>\n","protected":false},"featured_media":91495,"template":"","meta":{"_acf_changed":false,"inline_featured_image":false},"product_brand":[],"product_cat":[851],"product_tag":[],"series":[{"id":924,"name":"Kletts bunte Lesewelt","slug":"kletts-bunte-lesewelt"}],"publisher":[{"id":473,"name":"Klett Verlag","slug":"klett-verlag"}],"class_list":{"0":"post-91699","1":"product","2":"type-product","3":"status-publish","4":"has-post-thumbnail","6":"product_cat-lesetexte-deutsch","7":"series-kletts-bunte-lesewelt","8":"publisher-klett-verlag","10":"first","11":"onbackorder","12":"taxable","13":"shipping-taxable","14":"purchasable","15":"product-type-simple"},"acf":[],"_links":{"self":[{"href":"https:\/\/exlibris.ee\/ru\/wp-json\/wp\/v2\/product\/91699","targetHints":{"allow":["GET"]}}],"collection":[{"href":"https:\/\/exlibris.ee\/ru\/wp-json\/wp\/v2\/product"}],"about":[{"href":"https:\/\/exlibris.ee\/ru\/wp-json\/wp\/v2\/types\/product"}],"wp:featuredmedia":[{"embeddable":true,"href":"https:\/\/exlibris.ee\/ru\/wp-json\/wp\/v2\/media\/91495"}],"wp:attachment":[{"href":"https:\/\/exlibris.ee\/ru\/wp-json\/wp\/v2\/media?parent=91699"}],"wp:term":[{"taxonomy":"product_brand","embeddable":true,"href":"https:\/\/exlibris.ee\/ru\/wp-json\/wp\/v2\/product_brand?post=91699"},{"taxonomy":"product_cat","embeddable":true,"href":"https:\/\/exlibris.ee\/ru\/wp-json\/wp\/v2\/product_cat?post=91699"},{"taxonomy":"product_tag","embeddable":true,"href":"https:\/\/exlibris.ee\/ru\/wp-json\/wp\/v2\/product_tag?post=91699"},{"taxonomy":"series","embeddable":true,"href":"https:\/\/exlibris.ee\/ru\/wp-json\/wp\/v2\/series?post=91699"},{"taxonomy":"publisher","embeddable":true,"href":"https:\/\/exlibris.ee\/ru\/wp-json\/wp\/v2\/publisher?post=91699"}],"curies":[{"name":"wp","href":"https:\/\/api.w.org\/{rel}","templated":true}]}}