{"id":91710,"date":"2023-07-26T00:35:13","date_gmt":"2023-07-25T21:35:13","guid":{"rendered":"https:\/\/exlibris.ee\/toode\/durchstarten-in-deutschland\/"},"modified":"2026-04-24T01:30:08","modified_gmt":"2026-04-23T22:30:08","slug":"durchstarten-in-deutschland","status":"publish","type":"product","link":"https:\/\/exlibris.ee\/ru\/produkt\/durchstarten-in-deutschland\/","title":{"rendered":"Durchstarten in Deutschland"},"content":{"rendered":"<p>Sahar kommt aus Syrien und lebt nun in M\u00fcnchen. Bald schreibt sie den Test \u201eLeben in Deutschland\u201c. Daf\u00fcr muss sie sehr viel lernen. Sahar hat gro\u00dfe Angst vor dem Test. Zum Gl\u00fcck lernt sie Anja kennen! Doch kann ihre neue Freundin ihr helfen?<\/p>\n","protected":false},"excerpt":{"rendered":"<p>Sahar kommt aus Syrien und lebt nun in M\u00fcnchen. Bald schreibt sie den Test \u201eLeben in Deutschland\u201c. Daf\u00fcr muss sie sehr viel lernen. Sahar hat gro\u00dfe Angst vor dem Test. Zum Gl\u00fcck lernt sie Anja kennen! Doch kann ihre neue&#8230;<\/p>\n","protected":false},"featured_media":439521,"template":"","meta":{"_acf_changed":false,"inline_featured_image":false},"product_brand":[],"product_cat":[851],"product_tag":[],"series":[{"id":1502,"name":"einfach weiterlesen","slug":"einfach-weiterlesen"}],"publisher":[{"id":473,"name":"Klett Verlag","slug":"klett-verlag"}],"class_list":{"0":"post-91710","1":"product","2":"type-product","3":"status-publish","4":"has-post-thumbnail","6":"product_cat-lesetexte-deutsch","7":"series-einfach-weiterlesen","8":"publisher-klett-verlag","10":"first","11":"onbackorder","12":"taxable","13":"shipping-taxable","14":"purchasable","15":"product-type-simple"},"acf":[],"_links":{"self":[{"href":"https:\/\/exlibris.ee\/ru\/wp-json\/wp\/v2\/product\/91710","targetHints":{"allow":["GET"]}}],"collection":[{"href":"https:\/\/exlibris.ee\/ru\/wp-json\/wp\/v2\/product"}],"about":[{"href":"https:\/\/exlibris.ee\/ru\/wp-json\/wp\/v2\/types\/product"}],"wp:featuredmedia":[{"embeddable":true,"href":"https:\/\/exlibris.ee\/ru\/wp-json\/wp\/v2\/media\/439521"}],"wp:attachment":[{"href":"https:\/\/exlibris.ee\/ru\/wp-json\/wp\/v2\/media?parent=91710"}],"wp:term":[{"taxonomy":"product_brand","embeddable":true,"href":"https:\/\/exlibris.ee\/ru\/wp-json\/wp\/v2\/product_brand?post=91710"},{"taxonomy":"product_cat","embeddable":true,"href":"https:\/\/exlibris.ee\/ru\/wp-json\/wp\/v2\/product_cat?post=91710"},{"taxonomy":"product_tag","embeddable":true,"href":"https:\/\/exlibris.ee\/ru\/wp-json\/wp\/v2\/product_tag?post=91710"},{"taxonomy":"series","embeddable":true,"href":"https:\/\/exlibris.ee\/ru\/wp-json\/wp\/v2\/series?post=91710"},{"taxonomy":"publisher","embeddable":true,"href":"https:\/\/exlibris.ee\/ru\/wp-json\/wp\/v2\/publisher?post=91710"}],"curies":[{"name":"wp","href":"https:\/\/api.w.org\/{rel}","templated":true}]}}