{"id":91714,"date":"2023-07-26T00:35:14","date_gmt":"2023-07-25T21:35:14","guid":{"rendered":"https:\/\/exlibris.ee\/toode\/die-klassenfahrt\/"},"modified":"2026-05-01T13:38:05","modified_gmt":"2026-05-01T10:38:05","slug":"die-klassenfahrt","status":"publish","type":"product","link":"https:\/\/exlibris.ee\/ru\/produkt\/die-klassenfahrt\/","title":{"rendered":"Die Klassenfahrt"},"content":{"rendered":"<p>Ende Mai macht Kims Klasse eine Klassenfahrt. F\u00fcr f\u00fcnf Tage fahren sie nach M\u00fcnchen. Kim und ihre Freunde freuen sich sehr, die Stadt zu entdecken. Doch bevor sie gemeinsam nach M\u00fcnchen fahren, braucht Kim Hilfe \u2026<\/p>\n","protected":false},"excerpt":{"rendered":"<p>Ende Mai macht Kims Klasse eine Klassenfahrt. F\u00fcr f\u00fcnf Tage fahren sie nach M\u00fcnchen. Kim und ihre Freunde freuen sich sehr, die Stadt zu entdecken. Doch bevor sie gemeinsam nach M\u00fcnchen fahren, braucht Kim Hilfe \u2026<\/p>\n","protected":false},"featured_media":590992,"template":"","meta":{"_acf_changed":false,"inline_featured_image":false},"product_brand":[],"product_cat":[851],"product_tag":[],"series":[{"id":1503,"name":"leicht und klasse A1","slug":"leicht-und-klasse-a1"}],"publisher":[{"id":473,"name":"Klett Verlag","slug":"klett-verlag"}],"class_list":{"0":"post-91714","1":"product","2":"type-product","3":"status-publish","4":"has-post-thumbnail","6":"product_cat-lesetexte-deutsch","7":"series-leicht-und-klasse-a1","8":"publisher-klett-verlag","10":"first","11":"onbackorder","12":"taxable","13":"shipping-taxable","14":"purchasable","15":"product-type-simple"},"acf":[],"_links":{"self":[{"href":"https:\/\/exlibris.ee\/ru\/wp-json\/wp\/v2\/product\/91714","targetHints":{"allow":["GET"]}}],"collection":[{"href":"https:\/\/exlibris.ee\/ru\/wp-json\/wp\/v2\/product"}],"about":[{"href":"https:\/\/exlibris.ee\/ru\/wp-json\/wp\/v2\/types\/product"}],"wp:featuredmedia":[{"embeddable":true,"href":"https:\/\/exlibris.ee\/ru\/wp-json\/wp\/v2\/media\/590992"}],"wp:attachment":[{"href":"https:\/\/exlibris.ee\/ru\/wp-json\/wp\/v2\/media?parent=91714"}],"wp:term":[{"taxonomy":"product_brand","embeddable":true,"href":"https:\/\/exlibris.ee\/ru\/wp-json\/wp\/v2\/product_brand?post=91714"},{"taxonomy":"product_cat","embeddable":true,"href":"https:\/\/exlibris.ee\/ru\/wp-json\/wp\/v2\/product_cat?post=91714"},{"taxonomy":"product_tag","embeddable":true,"href":"https:\/\/exlibris.ee\/ru\/wp-json\/wp\/v2\/product_tag?post=91714"},{"taxonomy":"series","embeddable":true,"href":"https:\/\/exlibris.ee\/ru\/wp-json\/wp\/v2\/series?post=91714"},{"taxonomy":"publisher","embeddable":true,"href":"https:\/\/exlibris.ee\/ru\/wp-json\/wp\/v2\/publisher?post=91714"}],"curies":[{"name":"wp","href":"https:\/\/api.w.org\/{rel}","templated":true}]}}