{"id":91715,"date":"2023-07-26T00:35:14","date_gmt":"2023-07-25T21:35:14","guid":{"rendered":"https:\/\/exlibris.ee\/toode\/das-fusballturnier\/"},"modified":"2026-04-30T15:40:21","modified_gmt":"2026-04-30T12:40:21","slug":"das-fusballturnier","status":"publish","type":"product","link":"https:\/\/exlibris.ee\/ru\/produkt\/das-fusballturnier\/","title":{"rendered":"Das Fu\u00dfballturnier"},"content":{"rendered":"<p>In ihrer Freizeit spielt Kim Fu\u00dfball beim FC22. Sie ist sehr gut und schie\u00dft immer viele Tore. Doch beim Fu\u00dfballturnier in Weimar ist Kim verletzt. Kann der FC22 das Fu\u00dfballturnier auch ohne Kim gewinnen?<\/p>\n","protected":false},"excerpt":{"rendered":"<p>In ihrer Freizeit spielt Kim Fu\u00dfball beim FC22. Sie ist sehr gut und schie\u00dft immer viele Tore. Doch beim Fu\u00dfballturnier in Weimar ist Kim verletzt. Kann der FC22 das Fu\u00dfballturnier auch ohne Kim gewinnen?<\/p>\n","protected":false},"featured_media":573798,"template":"","meta":{"_acf_changed":false,"inline_featured_image":false},"product_brand":[],"product_cat":[851],"product_tag":[],"series":[{"id":1503,"name":"leicht und klasse A1","slug":"leicht-und-klasse-a1"}],"publisher":[{"id":473,"name":"Klett Verlag","slug":"klett-verlag"}],"class_list":{"0":"post-91715","1":"product","2":"type-product","3":"status-publish","4":"has-post-thumbnail","6":"product_cat-lesetexte-deutsch","7":"series-leicht-und-klasse-a1","8":"publisher-klett-verlag","10":"first","11":"onbackorder","12":"taxable","13":"shipping-taxable","14":"purchasable","15":"product-type-simple"},"acf":[],"_links":{"self":[{"href":"https:\/\/exlibris.ee\/ru\/wp-json\/wp\/v2\/product\/91715","targetHints":{"allow":["GET"]}}],"collection":[{"href":"https:\/\/exlibris.ee\/ru\/wp-json\/wp\/v2\/product"}],"about":[{"href":"https:\/\/exlibris.ee\/ru\/wp-json\/wp\/v2\/types\/product"}],"wp:featuredmedia":[{"embeddable":true,"href":"https:\/\/exlibris.ee\/ru\/wp-json\/wp\/v2\/media\/573798"}],"wp:attachment":[{"href":"https:\/\/exlibris.ee\/ru\/wp-json\/wp\/v2\/media?parent=91715"}],"wp:term":[{"taxonomy":"product_brand","embeddable":true,"href":"https:\/\/exlibris.ee\/ru\/wp-json\/wp\/v2\/product_brand?post=91715"},{"taxonomy":"product_cat","embeddable":true,"href":"https:\/\/exlibris.ee\/ru\/wp-json\/wp\/v2\/product_cat?post=91715"},{"taxonomy":"product_tag","embeddable":true,"href":"https:\/\/exlibris.ee\/ru\/wp-json\/wp\/v2\/product_tag?post=91715"},{"taxonomy":"series","embeddable":true,"href":"https:\/\/exlibris.ee\/ru\/wp-json\/wp\/v2\/series?post=91715"},{"taxonomy":"publisher","embeddable":true,"href":"https:\/\/exlibris.ee\/ru\/wp-json\/wp\/v2\/publisher?post=91715"}],"curies":[{"name":"wp","href":"https:\/\/api.w.org\/{rel}","templated":true}]}}