{"id":91721,"date":"2023-07-26T00:35:15","date_gmt":"2023-07-25T21:35:15","guid":{"rendered":"https:\/\/exlibris.ee\/toode\/schreiben-a1\/"},"modified":"2026-04-04T03:12:42","modified_gmt":"2026-04-04T00:12:42","slug":"schreiben-a1","status":"publish","type":"product","link":"https:\/\/exlibris.ee\/ru\/produkt\/schreiben-a1\/","title":{"rendered":"Schreiben A1"},"content":{"rendered":"<p>\u00dcbungsbuch f\u00fcr intensives Training der Schreibsicherheit auf Niveau A1 \u2013 f\u00fcr DaF-Selbstlernende oder kursbegleitend Vorbereitung auf allt\u00e4gliche Schreibanl\u00e4sse \u2013 z. B. Anmeldung zu einem Kurs, Einkaufszettel, Krankmeldung, Online-Bestellung etc., \u00dcbersichtliche Tabellen mit knapp formulierten Regeln, kleinschrittig angelegte \u00dcbungssequenzen, Entwicklung der individuellen Audrucksf\u00e4higkeit, Gezieltes Rechtschreibtraining, Mit L\u00f6sungsschl\u00fcssel und L\u00f6sungshinweisen, Neu: Pr\u00fcfungstraining zur Vorbereitung auf relevante Pr\u00fcfungsformate.<\/p>\n","protected":false},"excerpt":{"rendered":"<p>\u00dcbungsbuch f\u00fcr intensives Training der Schreibsicherheit auf Niveau A1 \u2013 f\u00fcr DaF-Selbstlernende oder kursbegleitend Vorbereitung auf allt\u00e4gliche Schreibanl\u00e4sse \u2013 z. B. Anmeldung zu einem Kurs, Einkaufszettel, Krankmeldung, Online-Bestellung etc., \u00dcbersichtliche Tabellen mit knapp formulierten Regeln, kleinschrittig angelegte \u00dcbungssequenzen, Entwicklung der&#8230;<\/p>\n","protected":false},"featured_media":91564,"template":"","meta":{"_acf_changed":false,"inline_featured_image":false},"product_brand":[],"product_cat":[538],"product_tag":[],"series":[{"id":926,"name":"Deutsch intensiv","slug":"deutsch-intensiv"}],"publisher":[{"id":473,"name":"Klett Verlag","slug":"klett-verlag"}],"class_list":{"0":"post-91721","1":"product","2":"type-product","3":"status-publish","4":"has-post-thumbnail","6":"product_cat-lehrwerke-fur-erwachsene","7":"series-deutsch-intensiv","8":"publisher-klett-verlag","10":"first","11":"onbackorder","12":"taxable","13":"shipping-taxable","14":"purchasable","15":"product-type-simple"},"acf":[],"_links":{"self":[{"href":"https:\/\/exlibris.ee\/ru\/wp-json\/wp\/v2\/product\/91721","targetHints":{"allow":["GET"]}}],"collection":[{"href":"https:\/\/exlibris.ee\/ru\/wp-json\/wp\/v2\/product"}],"about":[{"href":"https:\/\/exlibris.ee\/ru\/wp-json\/wp\/v2\/types\/product"}],"wp:featuredmedia":[{"embeddable":true,"href":"https:\/\/exlibris.ee\/ru\/wp-json\/wp\/v2\/media\/91564"}],"wp:attachment":[{"href":"https:\/\/exlibris.ee\/ru\/wp-json\/wp\/v2\/media?parent=91721"}],"wp:term":[{"taxonomy":"product_brand","embeddable":true,"href":"https:\/\/exlibris.ee\/ru\/wp-json\/wp\/v2\/product_brand?post=91721"},{"taxonomy":"product_cat","embeddable":true,"href":"https:\/\/exlibris.ee\/ru\/wp-json\/wp\/v2\/product_cat?post=91721"},{"taxonomy":"product_tag","embeddable":true,"href":"https:\/\/exlibris.ee\/ru\/wp-json\/wp\/v2\/product_tag?post=91721"},{"taxonomy":"series","embeddable":true,"href":"https:\/\/exlibris.ee\/ru\/wp-json\/wp\/v2\/series?post=91721"},{"taxonomy":"publisher","embeddable":true,"href":"https:\/\/exlibris.ee\/ru\/wp-json\/wp\/v2\/publisher?post=91721"}],"curies":[{"name":"wp","href":"https:\/\/api.w.org\/{rel}","templated":true}]}}