{"id":91726,"date":"2023-07-26T00:35:15","date_gmt":"2023-07-25T21:35:15","guid":{"rendered":"https:\/\/exlibris.ee\/toode\/wortschatz-a2\/"},"modified":"2026-04-04T03:12:42","modified_gmt":"2026-04-04T00:12:42","slug":"wortschatz-a2","status":"publish","type":"product","link":"https:\/\/exlibris.ee\/ru\/produkt\/wortschatz-a2\/","title":{"rendered":"Wortschatz A2"},"content":{"rendered":"<p>\u00dcbungsbuch zum intensiven Wortschatztraining auf Niveau A2 \u2013 f\u00fcr DaF-Selbstlernende oder kursbegleitend! Mehr als 1.000 wichtige W\u00f6rter, Wendungen und S\u00e4tze auf dem Niveau A2 nach Themen geordnet (z. B. Wohnen, Gesundheit, Verkehr, Politik, Ausbildung etc.), Abwechslungsreiche \u00dcbungen zur Festigung und Vertiefung des Wortschatzes, \u00dcbersichtliche Auftaktseiten mit Wortschatz zu den einzelnen Themenbereichen, Wiederholung von wichtigem A1-Wortschatz zu jedem Kapitel, Vermittlung effektiver Lernstrategien, Tipps zur korrekten Aussprache und Betonung, Mit L\u00f6sungsschl\u00fcssel zu allen \u00dcbungen, Neu: Wortschatztraining Deutsch \u2013 Englisch mit einem Online-Vokabeltrainer.<\/p>\n","protected":false},"excerpt":{"rendered":"<p>\u00dcbungsbuch zum intensiven Wortschatztraining auf Niveau A2 \u2013 f\u00fcr DaF-Selbstlernende oder kursbegleitend! Mehr als 1.000 wichtige W\u00f6rter, Wendungen und S\u00e4tze auf dem Niveau A2 nach Themen geordnet (z. B. Wohnen, Gesundheit, Verkehr, Politik, Ausbildung etc.), Abwechslungsreiche \u00dcbungen zur Festigung und&#8230;<\/p>\n","protected":false},"featured_media":91579,"template":"","meta":{"_acf_changed":false,"inline_featured_image":false},"product_brand":[],"product_cat":[538],"product_tag":[],"series":[{"id":926,"name":"Deutsch intensiv","slug":"deutsch-intensiv"}],"publisher":[{"id":473,"name":"Klett Verlag","slug":"klett-verlag"}],"class_list":{"0":"post-91726","1":"product","2":"type-product","3":"status-publish","4":"has-post-thumbnail","6":"product_cat-lehrwerke-fur-erwachsene","7":"series-deutsch-intensiv","8":"publisher-klett-verlag","10":"first","11":"onbackorder","12":"taxable","13":"shipping-taxable","14":"purchasable","15":"product-type-simple"},"acf":[],"_links":{"self":[{"href":"https:\/\/exlibris.ee\/ru\/wp-json\/wp\/v2\/product\/91726","targetHints":{"allow":["GET"]}}],"collection":[{"href":"https:\/\/exlibris.ee\/ru\/wp-json\/wp\/v2\/product"}],"about":[{"href":"https:\/\/exlibris.ee\/ru\/wp-json\/wp\/v2\/types\/product"}],"wp:featuredmedia":[{"embeddable":true,"href":"https:\/\/exlibris.ee\/ru\/wp-json\/wp\/v2\/media\/91579"}],"wp:attachment":[{"href":"https:\/\/exlibris.ee\/ru\/wp-json\/wp\/v2\/media?parent=91726"}],"wp:term":[{"taxonomy":"product_brand","embeddable":true,"href":"https:\/\/exlibris.ee\/ru\/wp-json\/wp\/v2\/product_brand?post=91726"},{"taxonomy":"product_cat","embeddable":true,"href":"https:\/\/exlibris.ee\/ru\/wp-json\/wp\/v2\/product_cat?post=91726"},{"taxonomy":"product_tag","embeddable":true,"href":"https:\/\/exlibris.ee\/ru\/wp-json\/wp\/v2\/product_tag?post=91726"},{"taxonomy":"series","embeddable":true,"href":"https:\/\/exlibris.ee\/ru\/wp-json\/wp\/v2\/series?post=91726"},{"taxonomy":"publisher","embeddable":true,"href":"https:\/\/exlibris.ee\/ru\/wp-json\/wp\/v2\/publisher?post=91726"}],"curies":[{"name":"wp","href":"https:\/\/api.w.org\/{rel}","templated":true}]}}