{"id":91730,"date":"2023-07-26T00:35:16","date_gmt":"2023-07-25T21:35:16","guid":{"rendered":"https:\/\/exlibris.ee\/toode\/zack\/"},"modified":"2026-04-23T05:34:01","modified_gmt":"2026-04-23T02:34:01","slug":"zack","status":"publish","type":"product","link":"https:\/\/exlibris.ee\/ru\/produkt\/zack\/","title":{"rendered":"Zack!"},"content":{"rendered":"<p>F\u00fcr Lernende auf den Niveaustufen A2 bis B1 \/ B2 werden 4 Touch\u00e9-Comicstrips von Tom sowie Ausz\u00fcge aus 3 preisgekr\u00f6nten Comicb\u00e4nden didaktisch aufbereitet: dr\u00fcben! von Simon Schwartz, Wir k\u00f6nnen ja Freunde bleiben von Mawil, Faust \u2013 Der Trag\u00f6die erster Teil von Flix. 40 Seiten mit den Originalcomics k\u00f6nnen f\u00fcr die Verwendung im Unterricht kopiert werden. Weitere motivierende und abwechslungsreiche Kopiervorlagen vermitteln notwendigen Wortschatz und landeskundliche Hintergrundinformationen, Vorschl\u00e4ge f\u00fcr weiterf\u00fchrende Recherche- und Projektarbeiten.<\/p>\n","protected":false},"excerpt":{"rendered":"<p>F\u00fcr Lernende auf den Niveaustufen A2 bis B1 \/ B2 werden 4 Touch\u00e9-Comicstrips von Tom sowie Ausz\u00fcge aus 3 preisgekr\u00f6nten Comicb\u00e4nden didaktisch aufbereitet: dr\u00fcben! von Simon Schwartz, Wir k\u00f6nnen ja Freunde bleiben von Mawil, Faust \u2013 Der Trag\u00f6die erster Teil&#8230;<\/p>\n","protected":false},"featured_media":422780,"template":"","meta":{"_acf_changed":false,"inline_featured_image":false},"product_brand":[],"product_cat":[886],"product_tag":[],"series":[],"publisher":[{"id":473,"name":"Klett Verlag","slug":"klett-verlag"}],"class_list":{"0":"post-91730","1":"product","2":"type-product","3":"status-publish","4":"has-post-thumbnail","6":"product_cat-methodik","7":"publisher-klett-verlag","9":"first","10":"instock","11":"taxable","12":"shipping-taxable","13":"purchasable","14":"product-type-simple"},"acf":[],"_links":{"self":[{"href":"https:\/\/exlibris.ee\/ru\/wp-json\/wp\/v2\/product\/91730","targetHints":{"allow":["GET"]}}],"collection":[{"href":"https:\/\/exlibris.ee\/ru\/wp-json\/wp\/v2\/product"}],"about":[{"href":"https:\/\/exlibris.ee\/ru\/wp-json\/wp\/v2\/types\/product"}],"wp:featuredmedia":[{"embeddable":true,"href":"https:\/\/exlibris.ee\/ru\/wp-json\/wp\/v2\/media\/422780"}],"wp:attachment":[{"href":"https:\/\/exlibris.ee\/ru\/wp-json\/wp\/v2\/media?parent=91730"}],"wp:term":[{"taxonomy":"product_brand","embeddable":true,"href":"https:\/\/exlibris.ee\/ru\/wp-json\/wp\/v2\/product_brand?post=91730"},{"taxonomy":"product_cat","embeddable":true,"href":"https:\/\/exlibris.ee\/ru\/wp-json\/wp\/v2\/product_cat?post=91730"},{"taxonomy":"product_tag","embeddable":true,"href":"https:\/\/exlibris.ee\/ru\/wp-json\/wp\/v2\/product_tag?post=91730"},{"taxonomy":"series","embeddable":true,"href":"https:\/\/exlibris.ee\/ru\/wp-json\/wp\/v2\/series?post=91730"},{"taxonomy":"publisher","embeddable":true,"href":"https:\/\/exlibris.ee\/ru\/wp-json\/wp\/v2\/publisher?post=91730"}],"curies":[{"name":"wp","href":"https:\/\/api.w.org\/{rel}","templated":true}]}}