{"id":91735,"date":"2023-07-26T00:35:16","date_gmt":"2023-07-25T21:35:16","guid":{"rendered":"https:\/\/exlibris.ee\/toode\/berlin-filmreif\/"},"modified":"2026-04-04T03:12:43","modified_gmt":"2026-04-04T00:12:43","slug":"berlin-filmreif","status":"publish","type":"product","link":"https:\/\/exlibris.ee\/ru\/produkt\/berlin-filmreif\/","title":{"rendered":"Berlin filmreif"},"content":{"rendered":"<p>Filmfestspiele in Berlin: Schauspieler, Regisseure und viele Kinobesucher sind in der Stadt. Dann erh\u00e4lt ein Fotograf einen Drohbrief. Kurz darauf kommt es zu einem Einbruch. Was wollen die Einbrecher? Kann Detektiv M\u00fcller den Fall l\u00f6sen und den Fotografen sch\u00fctzen?<\/p>\n","protected":false},"excerpt":{"rendered":"<p>Filmfestspiele in Berlin: Schauspieler, Regisseure und viele Kinobesucher sind in der Stadt. Dann erh\u00e4lt ein Fotograf einen Drohbrief. Kurz darauf kommt es zu einem Einbruch. Was wollen die Einbrecher? Kann Detektiv M\u00fcller den Fall l\u00f6sen und den Fotografen sch\u00fctzen?<\/p>\n","protected":false},"featured_media":91606,"template":"","meta":{"_acf_changed":false,"inline_featured_image":false},"product_brand":[],"product_cat":[851],"product_tag":[],"series":[{"id":1505,"name":"Detektiv M\u00fcller","slug":"detektiv-muller"}],"publisher":[{"id":473,"name":"Klett Verlag","slug":"klett-verlag"}],"class_list":{"0":"post-91735","1":"product","2":"type-product","3":"status-publish","4":"has-post-thumbnail","6":"product_cat-lesetexte-deutsch","7":"series-detektiv-muller","8":"publisher-klett-verlag","10":"first","11":"onbackorder","12":"taxable","13":"shipping-taxable","14":"purchasable","15":"product-type-simple"},"acf":[],"_links":{"self":[{"href":"https:\/\/exlibris.ee\/ru\/wp-json\/wp\/v2\/product\/91735","targetHints":{"allow":["GET"]}}],"collection":[{"href":"https:\/\/exlibris.ee\/ru\/wp-json\/wp\/v2\/product"}],"about":[{"href":"https:\/\/exlibris.ee\/ru\/wp-json\/wp\/v2\/types\/product"}],"wp:featuredmedia":[{"embeddable":true,"href":"https:\/\/exlibris.ee\/ru\/wp-json\/wp\/v2\/media\/91606"}],"wp:attachment":[{"href":"https:\/\/exlibris.ee\/ru\/wp-json\/wp\/v2\/media?parent=91735"}],"wp:term":[{"taxonomy":"product_brand","embeddable":true,"href":"https:\/\/exlibris.ee\/ru\/wp-json\/wp\/v2\/product_brand?post=91735"},{"taxonomy":"product_cat","embeddable":true,"href":"https:\/\/exlibris.ee\/ru\/wp-json\/wp\/v2\/product_cat?post=91735"},{"taxonomy":"product_tag","embeddable":true,"href":"https:\/\/exlibris.ee\/ru\/wp-json\/wp\/v2\/product_tag?post=91735"},{"taxonomy":"series","embeddable":true,"href":"https:\/\/exlibris.ee\/ru\/wp-json\/wp\/v2\/series?post=91735"},{"taxonomy":"publisher","embeddable":true,"href":"https:\/\/exlibris.ee\/ru\/wp-json\/wp\/v2\/publisher?post=91735"}],"curies":[{"name":"wp","href":"https:\/\/api.w.org\/{rel}","templated":true}]}}