{"id":91736,"date":"2023-07-26T00:35:16","date_gmt":"2023-07-25T21:35:16","guid":{"rendered":"https:\/\/exlibris.ee\/toode\/falsches-spiel-in-munchen\/"},"modified":"2026-04-04T03:12:43","modified_gmt":"2026-04-04T00:12:43","slug":"falsches-spiel-in-munchen","status":"publish","type":"product","link":"https:\/\/exlibris.ee\/ru\/produkt\/falsches-spiel-in-munchen\/","title":{"rendered":"Falsches Spiel in M\u00fcnchen"},"content":{"rendered":"<p>Der Berliner Detektiv M\u00fcller trifft in M\u00fcnchen unerwartet seine Jugendliebe wieder. Doch Maria ist nicht wie fr\u00fcher. M\u00fcller steht vor einem R\u00e4tsel. Was verheimlicht sie? Und warum meldet sich ein Kommissar bei Detektiv M\u00fcller?<\/p>\n","protected":false},"excerpt":{"rendered":"<p>Der Berliner Detektiv M\u00fcller trifft in M\u00fcnchen unerwartet seine Jugendliebe wieder. Doch Maria ist nicht wie fr\u00fcher. M\u00fcller steht vor einem R\u00e4tsel. Was verheimlicht sie? Und warum meldet sich ein Kommissar bei Detektiv M\u00fcller?<\/p>\n","protected":false},"featured_media":91609,"template":"","meta":{"_acf_changed":false,"inline_featured_image":false},"product_brand":[],"product_cat":[851],"product_tag":[],"series":[{"id":1505,"name":"Detektiv M\u00fcller","slug":"detektiv-muller"}],"publisher":[{"id":473,"name":"Klett Verlag","slug":"klett-verlag"}],"class_list":{"0":"post-91736","1":"product","2":"type-product","3":"status-publish","4":"has-post-thumbnail","6":"product_cat-lesetexte-deutsch","7":"series-detektiv-muller","8":"publisher-klett-verlag","10":"first","11":"onbackorder","12":"taxable","13":"shipping-taxable","14":"purchasable","15":"product-type-simple"},"acf":[],"_links":{"self":[{"href":"https:\/\/exlibris.ee\/ru\/wp-json\/wp\/v2\/product\/91736","targetHints":{"allow":["GET"]}}],"collection":[{"href":"https:\/\/exlibris.ee\/ru\/wp-json\/wp\/v2\/product"}],"about":[{"href":"https:\/\/exlibris.ee\/ru\/wp-json\/wp\/v2\/types\/product"}],"wp:featuredmedia":[{"embeddable":true,"href":"https:\/\/exlibris.ee\/ru\/wp-json\/wp\/v2\/media\/91609"}],"wp:attachment":[{"href":"https:\/\/exlibris.ee\/ru\/wp-json\/wp\/v2\/media?parent=91736"}],"wp:term":[{"taxonomy":"product_brand","embeddable":true,"href":"https:\/\/exlibris.ee\/ru\/wp-json\/wp\/v2\/product_brand?post=91736"},{"taxonomy":"product_cat","embeddable":true,"href":"https:\/\/exlibris.ee\/ru\/wp-json\/wp\/v2\/product_cat?post=91736"},{"taxonomy":"product_tag","embeddable":true,"href":"https:\/\/exlibris.ee\/ru\/wp-json\/wp\/v2\/product_tag?post=91736"},{"taxonomy":"series","embeddable":true,"href":"https:\/\/exlibris.ee\/ru\/wp-json\/wp\/v2\/series?post=91736"},{"taxonomy":"publisher","embeddable":true,"href":"https:\/\/exlibris.ee\/ru\/wp-json\/wp\/v2\/publisher?post=91736"}],"curies":[{"name":"wp","href":"https:\/\/api.w.org\/{rel}","templated":true}]}}