{"id":91741,"date":"2023-07-26T00:35:17","date_gmt":"2023-07-25T21:35:17","guid":{"rendered":"https:\/\/exlibris.ee\/toode\/deutsch%c2%b3-handbuch-fur-lehrkrafte\/"},"modified":"2026-04-04T03:12:43","modified_gmt":"2026-04-04T00:12:43","slug":"deutsch%c2%b3-handbuch-fur-lehrkrafte","status":"publish","type":"product","link":"https:\/\/exlibris.ee\/ru\/produkt\/deutsch%c2%b3-handbuch-fur-lehrkrafte\/","title":{"rendered":"Deutsch\u00b3, Handbuch f\u00fcr Lehrkr\u00e4fte"},"content":{"rendered":"<p>Dieses Handbuch f\u00fcr Lehrkr\u00e4fte begleitet die Lekt\u00fcren der Reihe Deutsch\u00b3 und pr\u00e4sentiert Ihnen Ideen und Impulse f\u00fcr die differenzierende Lekt\u00fcrearbeit in heterogenen Klassen und Lerngruppen im DaZ- und Deutschunterricht der Sekundarstufe I.<\/p>\n","protected":false},"excerpt":{"rendered":"<p>Dieses Handbuch f\u00fcr Lehrkr\u00e4fte begleitet die Lekt\u00fcren der Reihe Deutsch\u00b3 und pr\u00e4sentiert Ihnen Ideen und Impulse f\u00fcr die differenzierende Lekt\u00fcrearbeit in heterogenen Klassen und Lerngruppen im DaZ- und Deutschunterricht der Sekundarstufe I.<\/p>\n","protected":false},"featured_media":91624,"template":"","meta":{"_acf_changed":false,"inline_featured_image":false},"product_brand":[],"product_cat":[851],"product_tag":[],"series":[{"id":1506,"name":"Deutsch (hoch 3)","slug":"deutsch-hoch-3"}],"publisher":[{"id":473,"name":"Klett Verlag","slug":"klett-verlag"}],"class_list":{"0":"post-91741","1":"product","2":"type-product","3":"status-publish","4":"has-post-thumbnail","6":"product_cat-lesetexte-deutsch","7":"series-deutsch-hoch-3","8":"publisher-klett-verlag","10":"first","11":"onbackorder","12":"taxable","13":"shipping-taxable","14":"purchasable","15":"product-type-simple"},"acf":[],"_links":{"self":[{"href":"https:\/\/exlibris.ee\/ru\/wp-json\/wp\/v2\/product\/91741","targetHints":{"allow":["GET"]}}],"collection":[{"href":"https:\/\/exlibris.ee\/ru\/wp-json\/wp\/v2\/product"}],"about":[{"href":"https:\/\/exlibris.ee\/ru\/wp-json\/wp\/v2\/types\/product"}],"wp:featuredmedia":[{"embeddable":true,"href":"https:\/\/exlibris.ee\/ru\/wp-json\/wp\/v2\/media\/91624"}],"wp:attachment":[{"href":"https:\/\/exlibris.ee\/ru\/wp-json\/wp\/v2\/media?parent=91741"}],"wp:term":[{"taxonomy":"product_brand","embeddable":true,"href":"https:\/\/exlibris.ee\/ru\/wp-json\/wp\/v2\/product_brand?post=91741"},{"taxonomy":"product_cat","embeddable":true,"href":"https:\/\/exlibris.ee\/ru\/wp-json\/wp\/v2\/product_cat?post=91741"},{"taxonomy":"product_tag","embeddable":true,"href":"https:\/\/exlibris.ee\/ru\/wp-json\/wp\/v2\/product_tag?post=91741"},{"taxonomy":"series","embeddable":true,"href":"https:\/\/exlibris.ee\/ru\/wp-json\/wp\/v2\/series?post=91741"},{"taxonomy":"publisher","embeddable":true,"href":"https:\/\/exlibris.ee\/ru\/wp-json\/wp\/v2\/publisher?post=91741"}],"curies":[{"name":"wp","href":"https:\/\/api.w.org\/{rel}","templated":true}]}}