{"id":91747,"date":"2023-07-26T00:35:17","date_gmt":"2023-07-25T21:35:17","guid":{"rendered":"https:\/\/exlibris.ee\/toode\/klipp-und-klar-mittelstufe-lehr-ubungsbuch-neu\/"},"modified":"2026-04-07T21:18:35","modified_gmt":"2026-04-07T18:18:35","slug":"klipp-und-klar-mittelstufe-lehr-ubungsbuch-neu","status":"publish","type":"product","link":"https:\/\/exlibris.ee\/ru\/produkt\/klipp-und-klar-mittelstufe-lehr-ubungsbuch-neu\/","title":{"rendered":"Klipp und Klar, Mittelstufe, Lehr-\/\u00dcbungsbuch neu"},"content":{"rendered":"<p>Diese moderne \u00dcbungsgrammatik f\u00fcr die Mittelstufe f\u00fchrt zum besseren Verst\u00e4ndnis von Grammatik im tats\u00e4chlichen Sprachgebrauch: Typische Textsorten zeigen grammatische Ph\u00e4nomene in ihrer Funktion, Rezeptive und produktive \u00dcbungsformen, Pr\u00fcfungsrelevante sprachliche Strukturen f\u00fcr das Niveau B2\/C1 (TestDaF, DSH , DSD II etc.) werden ge\u00fcbt, Ausf\u00fchrliche L\u00f6sungen separat erh\u00e4ltlich.<\/p>\n","protected":false},"excerpt":{"rendered":"<p>Diese moderne \u00dcbungsgrammatik f\u00fcr die Mittelstufe f\u00fchrt zum besseren Verst\u00e4ndnis von Grammatik im tats\u00e4chlichen Sprachgebrauch: Typische Textsorten zeigen grammatische Ph\u00e4nomene in ihrer Funktion, Rezeptive und produktive \u00dcbungsformen, Pr\u00fcfungsrelevante sprachliche Strukturen f\u00fcr das Niveau B2\/C1 (TestDaF, DSH , DSD II etc.)&#8230;<\/p>\n","protected":false},"featured_media":91645,"template":"","meta":{"_acf_changed":false,"inline_featured_image":false},"product_brand":[],"product_cat":[480],"product_tag":[],"series":[],"publisher":[{"id":473,"name":"Klett Verlag","slug":"klett-verlag"}],"class_list":{"0":"post-91747","1":"product","2":"type-product","3":"status-publish","4":"has-post-thumbnail","6":"product_cat-grammatiken","7":"publisher-klett-verlag","9":"first","10":"onbackorder","11":"taxable","12":"shipping-taxable","13":"purchasable","14":"product-type-simple"},"acf":[],"_links":{"self":[{"href":"https:\/\/exlibris.ee\/ru\/wp-json\/wp\/v2\/product\/91747","targetHints":{"allow":["GET"]}}],"collection":[{"href":"https:\/\/exlibris.ee\/ru\/wp-json\/wp\/v2\/product"}],"about":[{"href":"https:\/\/exlibris.ee\/ru\/wp-json\/wp\/v2\/types\/product"}],"wp:featuredmedia":[{"embeddable":true,"href":"https:\/\/exlibris.ee\/ru\/wp-json\/wp\/v2\/media\/91645"}],"wp:attachment":[{"href":"https:\/\/exlibris.ee\/ru\/wp-json\/wp\/v2\/media?parent=91747"}],"wp:term":[{"taxonomy":"product_brand","embeddable":true,"href":"https:\/\/exlibris.ee\/ru\/wp-json\/wp\/v2\/product_brand?post=91747"},{"taxonomy":"product_cat","embeddable":true,"href":"https:\/\/exlibris.ee\/ru\/wp-json\/wp\/v2\/product_cat?post=91747"},{"taxonomy":"product_tag","embeddable":true,"href":"https:\/\/exlibris.ee\/ru\/wp-json\/wp\/v2\/product_tag?post=91747"},{"taxonomy":"series","embeddable":true,"href":"https:\/\/exlibris.ee\/ru\/wp-json\/wp\/v2\/series?post=91747"},{"taxonomy":"publisher","embeddable":true,"href":"https:\/\/exlibris.ee\/ru\/wp-json\/wp\/v2\/publisher?post=91747"}],"curies":[{"name":"wp","href":"https:\/\/api.w.org\/{rel}","templated":true}]}}