{"id":91748,"date":"2023-07-26T00:35:18","date_gmt":"2023-07-25T21:35:18","guid":{"rendered":"https:\/\/exlibris.ee\/toode\/klipp-und-klar-mittelstufe-losungen-neu\/"},"modified":"2026-04-07T21:18:35","modified_gmt":"2026-04-07T18:18:35","slug":"klipp-und-klar-mittelstufe-losungen-neu","status":"publish","type":"product","link":"https:\/\/exlibris.ee\/ru\/produkt\/klipp-und-klar-mittelstufe-losungen-neu\/","title":{"rendered":"Klipp und Klar Mittelstufe L\u00f6sungen neu"},"content":{"rendered":"<p>Dieses Buch bietet \u00fcbersichtliche L\u00f6sungen zur Klipp und Klar \u00dcbungsgrammatik f\u00fcr die Mittelstufe B2\/C1 sowie Musterl\u00f6sungen f\u00fcr Aufgaben zur freien Textproduktion. Klipp und Klar \u2013 die \u00dcbungsgrammatik f\u00fcr die f\u00fcr die Mittelstufe B2\/C1: f\u00fcr den DaF- und DaZ-Unterricht sowie zum Selbstlernen, auch f\u00fcr deutsche Muttersprachler geeignet, die Sicherheit in der Grammatik gewinnen wollen, funktionale und textbasierte Grammatikdarstellung, authentische Sprachverwendung, Textsortenvielfalt,  typische und h\u00e4ufige Verwendungsbeispiele, rezeptive und produktive \u00dcbungsm\u00f6glichkeiten zur F\u00f6rderung der Sprachbewusstheit, innovatives Kapitel zu Textstruktur und Textaufbau, \u00fcbersichtliche Gestaltung.<\/p>\n","protected":false},"excerpt":{"rendered":"<p>Dieses Buch bietet \u00fcbersichtliche L\u00f6sungen zur Klipp und Klar \u00dcbungsgrammatik f\u00fcr die Mittelstufe B2\/C1 sowie Musterl\u00f6sungen f\u00fcr Aufgaben zur freien Textproduktion. Klipp und Klar \u2013 die \u00dcbungsgrammatik f\u00fcr die f\u00fcr die Mittelstufe B2\/C1: f\u00fcr den DaF- und DaZ-Unterricht sowie zum&#8230;<\/p>\n","protected":false},"featured_media":91648,"template":"","meta":{"_acf_changed":false,"inline_featured_image":false},"product_brand":[],"product_cat":[480],"product_tag":[],"series":[],"publisher":[{"id":473,"name":"Klett Verlag","slug":"klett-verlag"}],"class_list":{"0":"post-91748","1":"product","2":"type-product","3":"status-publish","4":"has-post-thumbnail","6":"product_cat-grammatiken","7":"publisher-klett-verlag","9":"first","10":"onbackorder","11":"taxable","12":"shipping-taxable","13":"purchasable","14":"product-type-simple"},"acf":[],"_links":{"self":[{"href":"https:\/\/exlibris.ee\/ru\/wp-json\/wp\/v2\/product\/91748","targetHints":{"allow":["GET"]}}],"collection":[{"href":"https:\/\/exlibris.ee\/ru\/wp-json\/wp\/v2\/product"}],"about":[{"href":"https:\/\/exlibris.ee\/ru\/wp-json\/wp\/v2\/types\/product"}],"wp:featuredmedia":[{"embeddable":true,"href":"https:\/\/exlibris.ee\/ru\/wp-json\/wp\/v2\/media\/91648"}],"wp:attachment":[{"href":"https:\/\/exlibris.ee\/ru\/wp-json\/wp\/v2\/media?parent=91748"}],"wp:term":[{"taxonomy":"product_brand","embeddable":true,"href":"https:\/\/exlibris.ee\/ru\/wp-json\/wp\/v2\/product_brand?post=91748"},{"taxonomy":"product_cat","embeddable":true,"href":"https:\/\/exlibris.ee\/ru\/wp-json\/wp\/v2\/product_cat?post=91748"},{"taxonomy":"product_tag","embeddable":true,"href":"https:\/\/exlibris.ee\/ru\/wp-json\/wp\/v2\/product_tag?post=91748"},{"taxonomy":"series","embeddable":true,"href":"https:\/\/exlibris.ee\/ru\/wp-json\/wp\/v2\/series?post=91748"},{"taxonomy":"publisher","embeddable":true,"href":"https:\/\/exlibris.ee\/ru\/wp-json\/wp\/v2\/publisher?post=91748"}],"curies":[{"name":"wp","href":"https:\/\/api.w.org\/{rel}","templated":true}]}}