{"id":91769,"date":"2023-07-26T00:36:27","date_gmt":"2023-07-25T21:36:27","guid":{"rendered":"https:\/\/exlibris.ee\/toode\/dll-17-sprachbildg-in-der-gs\/"},"modified":"2026-04-05T15:24:17","modified_gmt":"2026-04-05T12:24:17","slug":"dll-17-sprachbildg-in-der-gs","status":"publish","type":"product","link":"https:\/\/exlibris.ee\/ru\/produkt\/dll-17-sprachbildg-in-der-gs\/","title":{"rendered":"DLL 17: Sprachbildg. in der GS"},"content":{"rendered":"<p>Bildungsteilhabe und Lernerfolg h\u00e4ngen in hohem Ma\u00dfe von (bildungs) sprachlichen Kompetenzen ab. Daher kommt es auch \u2013 und gerade in der Grundschule \u2013 darauf an, dass Sch\u00fclerinnen und Sch\u00fcler diese Kompetenzen z\u00fcgig und auf einem hohen Niveau aufbauen k\u00f6nnen. Dabei gilt es nicht nur, die sprachlichen Kompetenzen in der Unterrichtssprache Deutsch zu f\u00f6rdern, sondern auch die Erstsprache(n) aller Kinder wertzusch\u00e4tzen, einzubeziehen und zu st\u00e4rken. Lehrkr\u00e4fte haben die anspruchsvolle Aufgabe, der sprachlichen Vielfalt in ihrem Klassenzimmer gerecht zu werden und alle Kinder im Sinne einer umfassenden Sprachbildung zu unterst\u00fctzen.<\/p>\n","protected":false},"excerpt":{"rendered":"<p>Bildungsteilhabe und Lernerfolg h\u00e4ngen in hohem Ma\u00dfe von (bildungs) sprachlichen Kompetenzen ab. Daher kommt es auch \u2013 und gerade in der Grundschule \u2013 darauf an, dass Sch\u00fclerinnen und Sch\u00fcler diese Kompetenzen z\u00fcgig und auf einem hohen Niveau aufbauen k\u00f6nnen. Dabei&#8230;<\/p>\n","protected":false},"featured_media":91762,"template":"","meta":{"_acf_changed":false,"inline_featured_image":false},"product_brand":[],"product_cat":[886],"product_tag":[],"series":[{"id":912,"name":"dll deutsch lehren lernen","slug":"dll-deutsch-lehren-lernen"}],"publisher":[{"id":473,"name":"Klett Verlag","slug":"klett-verlag"}],"class_list":{"0":"post-91769","1":"product","2":"type-product","3":"status-publish","4":"has-post-thumbnail","6":"product_cat-methodik","7":"series-dll-deutsch-lehren-lernen","8":"publisher-klett-verlag","10":"first","11":"onbackorder","12":"taxable","13":"shipping-taxable","14":"purchasable","15":"product-type-simple"},"acf":[],"_links":{"self":[{"href":"https:\/\/exlibris.ee\/ru\/wp-json\/wp\/v2\/product\/91769","targetHints":{"allow":["GET"]}}],"collection":[{"href":"https:\/\/exlibris.ee\/ru\/wp-json\/wp\/v2\/product"}],"about":[{"href":"https:\/\/exlibris.ee\/ru\/wp-json\/wp\/v2\/types\/product"}],"wp:featuredmedia":[{"embeddable":true,"href":"https:\/\/exlibris.ee\/ru\/wp-json\/wp\/v2\/media\/91762"}],"wp:attachment":[{"href":"https:\/\/exlibris.ee\/ru\/wp-json\/wp\/v2\/media?parent=91769"}],"wp:term":[{"taxonomy":"product_brand","embeddable":true,"href":"https:\/\/exlibris.ee\/ru\/wp-json\/wp\/v2\/product_brand?post=91769"},{"taxonomy":"product_cat","embeddable":true,"href":"https:\/\/exlibris.ee\/ru\/wp-json\/wp\/v2\/product_cat?post=91769"},{"taxonomy":"product_tag","embeddable":true,"href":"https:\/\/exlibris.ee\/ru\/wp-json\/wp\/v2\/product_tag?post=91769"},{"taxonomy":"series","embeddable":true,"href":"https:\/\/exlibris.ee\/ru\/wp-json\/wp\/v2\/series?post=91769"},{"taxonomy":"publisher","embeddable":true,"href":"https:\/\/exlibris.ee\/ru\/wp-json\/wp\/v2\/publisher?post=91769"}],"curies":[{"name":"wp","href":"https:\/\/api.w.org\/{rel}","templated":true}]}}