{"id":91813,"date":"2023-07-26T00:37:44","date_gmt":"2023-07-25T21:37:44","guid":{"rendered":"https:\/\/exlibris.ee\/toode\/boses-foul-beim-fusball\/"},"modified":"2026-04-04T03:14:53","modified_gmt":"2026-04-04T00:14:53","slug":"boses-foul-beim-fusball","status":"publish","type":"product","link":"https:\/\/exlibris.ee\/ru\/produkt\/boses-foul-beim-fusball\/","title":{"rendered":"B\u00f6ses Foul beim Fu\u00dfball"},"content":{"rendered":"<p>Ismail kann zwar noch nicht so gut Deutsch, aber er kann sehr gut Fu\u00dfball spielen. Doch in dem neuen Verein ist es nicht leicht f\u00fcr ihn. Finden ihn die anderen Jungen nett? Sieht der Trainer, wie gut Ismail spielen kann? Dann verschwindet ein Geldbeutel aus der Umkleidekabine und alle denken, Ismail ist der Dieb.<\/p>\n","protected":false},"excerpt":{"rendered":"<p>Ismail kann zwar noch nicht so gut Deutsch, aber er kann sehr gut Fu\u00dfball spielen. Doch in dem neuen Verein ist es nicht leicht f\u00fcr ihn. Finden ihn die anderen Jungen nett? Sieht der Trainer, wie gut Ismail spielen kann?&#8230;<\/p>\n","protected":false},"featured_media":91798,"template":"","meta":{"_acf_changed":false,"inline_featured_image":false},"product_brand":[],"product_cat":[851],"product_tag":[],"series":[{"id":1506,"name":"Deutsch (hoch 3)","slug":"deutsch-hoch-3"}],"publisher":[{"id":473,"name":"Klett Verlag","slug":"klett-verlag"}],"class_list":{"0":"post-91813","1":"product","2":"type-product","3":"status-publish","4":"has-post-thumbnail","6":"product_cat-lesetexte-deutsch","7":"series-deutsch-hoch-3","8":"publisher-klett-verlag","10":"first","11":"instock","12":"taxable","13":"shipping-taxable","14":"purchasable","15":"product-type-simple"},"acf":[],"_links":{"self":[{"href":"https:\/\/exlibris.ee\/ru\/wp-json\/wp\/v2\/product\/91813","targetHints":{"allow":["GET"]}}],"collection":[{"href":"https:\/\/exlibris.ee\/ru\/wp-json\/wp\/v2\/product"}],"about":[{"href":"https:\/\/exlibris.ee\/ru\/wp-json\/wp\/v2\/types\/product"}],"wp:featuredmedia":[{"embeddable":true,"href":"https:\/\/exlibris.ee\/ru\/wp-json\/wp\/v2\/media\/91798"}],"wp:attachment":[{"href":"https:\/\/exlibris.ee\/ru\/wp-json\/wp\/v2\/media?parent=91813"}],"wp:term":[{"taxonomy":"product_brand","embeddable":true,"href":"https:\/\/exlibris.ee\/ru\/wp-json\/wp\/v2\/product_brand?post=91813"},{"taxonomy":"product_cat","embeddable":true,"href":"https:\/\/exlibris.ee\/ru\/wp-json\/wp\/v2\/product_cat?post=91813"},{"taxonomy":"product_tag","embeddable":true,"href":"https:\/\/exlibris.ee\/ru\/wp-json\/wp\/v2\/product_tag?post=91813"},{"taxonomy":"series","embeddable":true,"href":"https:\/\/exlibris.ee\/ru\/wp-json\/wp\/v2\/series?post=91813"},{"taxonomy":"publisher","embeddable":true,"href":"https:\/\/exlibris.ee\/ru\/wp-json\/wp\/v2\/publisher?post=91813"}],"curies":[{"name":"wp","href":"https:\/\/api.w.org\/{rel}","templated":true}]}}