{"id":91815,"date":"2023-07-26T00:37:44","date_gmt":"2023-07-25T21:37:44","guid":{"rendered":"https:\/\/exlibris.ee\/toode\/die-uniform\/"},"modified":"2026-04-04T03:14:53","modified_gmt":"2026-04-04T00:14:53","slug":"die-uniform","status":"publish","type":"product","link":"https:\/\/exlibris.ee\/ru\/produkt\/die-uniform\/","title":{"rendered":"Die Uniform"},"content":{"rendered":"<p>Samir und Ben treffen sich am Nachmittag. Sie wollen Fu\u00dfballtricks \u00fcben. Doch dann sieht Samir eine Uniform in Bens Haus. Eine Polizeiuniform? F\u00fcr Samir ist das kein gutes Zeichen. Schnell rennt er weg. Ben versteht gar nicht, was los ist. Kann er seinen Freund zur\u00fcckholen?  Audiodateien, Wortschatzhilfen und L\u00f6sungen kostenlos \u00fcber die App Klett Augmented.<\/p>\n","protected":false},"excerpt":{"rendered":"<p>Samir und Ben treffen sich am Nachmittag. Sie wollen Fu\u00dfballtricks \u00fcben. Doch dann sieht Samir eine Uniform in Bens Haus. Eine Polizeiuniform? F\u00fcr Samir ist das kein gutes Zeichen. Schnell rennt er weg. Ben versteht gar nicht, was los ist&#8230;.<\/p>\n","protected":false},"featured_media":91804,"template":"","meta":{"_acf_changed":false,"inline_featured_image":false},"product_brand":[],"product_cat":[851],"product_tag":[],"series":[{"id":1506,"name":"Deutsch (hoch 3)","slug":"deutsch-hoch-3"}],"publisher":[{"id":473,"name":"Klett Verlag","slug":"klett-verlag"}],"class_list":{"0":"post-91815","1":"product","2":"type-product","3":"status-publish","4":"has-post-thumbnail","6":"product_cat-lesetexte-deutsch","7":"series-deutsch-hoch-3","8":"publisher-klett-verlag","10":"first","11":"onbackorder","12":"taxable","13":"shipping-taxable","14":"purchasable","15":"product-type-simple"},"acf":[],"_links":{"self":[{"href":"https:\/\/exlibris.ee\/ru\/wp-json\/wp\/v2\/product\/91815","targetHints":{"allow":["GET"]}}],"collection":[{"href":"https:\/\/exlibris.ee\/ru\/wp-json\/wp\/v2\/product"}],"about":[{"href":"https:\/\/exlibris.ee\/ru\/wp-json\/wp\/v2\/types\/product"}],"wp:featuredmedia":[{"embeddable":true,"href":"https:\/\/exlibris.ee\/ru\/wp-json\/wp\/v2\/media\/91804"}],"wp:attachment":[{"href":"https:\/\/exlibris.ee\/ru\/wp-json\/wp\/v2\/media?parent=91815"}],"wp:term":[{"taxonomy":"product_brand","embeddable":true,"href":"https:\/\/exlibris.ee\/ru\/wp-json\/wp\/v2\/product_brand?post=91815"},{"taxonomy":"product_cat","embeddable":true,"href":"https:\/\/exlibris.ee\/ru\/wp-json\/wp\/v2\/product_cat?post=91815"},{"taxonomy":"product_tag","embeddable":true,"href":"https:\/\/exlibris.ee\/ru\/wp-json\/wp\/v2\/product_tag?post=91815"},{"taxonomy":"series","embeddable":true,"href":"https:\/\/exlibris.ee\/ru\/wp-json\/wp\/v2\/series?post=91815"},{"taxonomy":"publisher","embeddable":true,"href":"https:\/\/exlibris.ee\/ru\/wp-json\/wp\/v2\/publisher?post=91815"}],"curies":[{"name":"wp","href":"https:\/\/api.w.org\/{rel}","templated":true}]}}