{"id":92047,"date":"2023-07-26T16:08:49","date_gmt":"2023-07-26T13:08:49","guid":{"rendered":"https:\/\/exlibris.ee\/toode\/ambaraba-4-libro-per-lalunno-libro\/"},"modified":"2026-04-15T16:23:37","modified_gmt":"2026-04-15T13:23:37","slug":"ambaraba-4-libro-per-lalunno-libro","status":"publish","type":"product","link":"https:\/\/exlibris.ee\/ru\/produkt\/ambaraba-4-libro-per-lalunno-libro\/","title":{"rendered":"Ambarab\u00e0 4 \u2013 Libro per l\u2019alunno (libro)"},"content":{"rendered":"<p>Ambarab\u00e0 \u00e8 un corso di italiano per bambini della scuola primaria (6-10 anni). Il corso \u00e8 frutto di una sperimentazione condotta con successo per diversi anni dall\u00b4Istituto Pedagogico di Bolzano e si presta ad essere utilizzato sia all\u00b4estero con i bambini stranieri sia in Italia con classi mono e plurilingue.<\/p>\n","protected":false},"excerpt":{"rendered":"<p>Ambarab\u00e0 \u00e8 un corso di italiano per bambini della scuola primaria (6-10 anni). Il corso \u00e8 frutto di una sperimentazione condotta con successo per diversi anni dall\u00b4Istituto Pedagogico di Bolzano e si presta ad essere utilizzato sia all\u00b4estero con i&#8230;<\/p>\n","protected":false},"featured_media":288829,"template":"","meta":{"_acf_changed":false,"inline_featured_image":false},"product_brand":[],"product_cat":[888],"product_tag":[],"series":[{"id":1510,"name":"Ambarab\u00e0","slug":"ambaraba"}],"publisher":[{"id":1461,"name":"ALMA Edizioni","slug":"alma-edizioni"}],"class_list":{"0":"post-92047","1":"product","2":"type-product","3":"status-publish","4":"has-post-thumbnail","6":"product_cat-itaalia-keel","7":"series-ambaraba","8":"publisher-alma-edizioni","10":"first","11":"onbackorder","12":"taxable","13":"shipping-taxable","14":"purchasable","15":"product-type-simple"},"acf":[],"_links":{"self":[{"href":"https:\/\/exlibris.ee\/ru\/wp-json\/wp\/v2\/product\/92047","targetHints":{"allow":["GET"]}}],"collection":[{"href":"https:\/\/exlibris.ee\/ru\/wp-json\/wp\/v2\/product"}],"about":[{"href":"https:\/\/exlibris.ee\/ru\/wp-json\/wp\/v2\/types\/product"}],"wp:featuredmedia":[{"embeddable":true,"href":"https:\/\/exlibris.ee\/ru\/wp-json\/wp\/v2\/media\/288829"}],"wp:attachment":[{"href":"https:\/\/exlibris.ee\/ru\/wp-json\/wp\/v2\/media?parent=92047"}],"wp:term":[{"taxonomy":"product_brand","embeddable":true,"href":"https:\/\/exlibris.ee\/ru\/wp-json\/wp\/v2\/product_brand?post=92047"},{"taxonomy":"product_cat","embeddable":true,"href":"https:\/\/exlibris.ee\/ru\/wp-json\/wp\/v2\/product_cat?post=92047"},{"taxonomy":"product_tag","embeddable":true,"href":"https:\/\/exlibris.ee\/ru\/wp-json\/wp\/v2\/product_tag?post=92047"},{"taxonomy":"series","embeddable":true,"href":"https:\/\/exlibris.ee\/ru\/wp-json\/wp\/v2\/series?post=92047"},{"taxonomy":"publisher","embeddable":true,"href":"https:\/\/exlibris.ee\/ru\/wp-json\/wp\/v2\/publisher?post=92047"}],"curies":[{"name":"wp","href":"https:\/\/api.w.org\/{rel}","templated":true}]}}