{"id":92063,"date":"2023-07-26T16:08:51","date_gmt":"2023-07-26T13:08:51","guid":{"rendered":"https:\/\/exlibris.ee\/toode\/domani-1-libro-audio-e-video-online\/"},"modified":"2026-04-11T02:23:25","modified_gmt":"2026-04-10T23:23:25","slug":"domani-1-libro-audio-e-video-online","status":"publish","type":"product","link":"https:\/\/exlibris.ee\/ru\/produkt\/domani-1-libro-audio-e-video-online\/","title":{"rendered":"Domani 1 (libro + audio e video online)"},"content":{"rendered":"<p>Domani \u00e8 un corso di lingua e cultura italiana per stranieri che mette in grado lo studente di comunicare fin da subito con facilit\u00e0 e sicurezza. Oltre agli aspetti morfosintattici della lingua, affronta quelli pragmatici, conversazionali, lessicali e socioculturali, in linea con i principi del Quadro Comune Europeo. Grazie a input suggestivi e coinvolgenti, compiti non banali, attivit\u00e0 creative e autenticit\u00e0 delle situazioni lo studente viene introdotto fin da subito in una dimensione attiva e vitale. Domani \u00e8 diviso in tre livelli (A1, A2 e B1). Ogni livello \u00e8 organizzato in moduli culturalmente connotati in base a differenti aree tematiche (Geografia, Arti, Societ\u00e0, Storia, Lingua) che permettono un\u00b4immersione totale nella lingua, nella cultura e nella societ\u00e0 italiana.<\/p>\n","protected":false},"excerpt":{"rendered":"<p>Domani \u00e8 un corso di lingua e cultura italiana per stranieri che mette in grado lo studente di comunicare fin da subito con facilit\u00e0 e sicurezza. Oltre agli aspetti morfosintattici della lingua, affronta quelli pragmatici, conversazionali, lessicali e socioculturali, in&#8230;<\/p>\n","protected":false},"featured_media":188268,"template":"","meta":{"_acf_changed":false,"inline_featured_image":false},"product_brand":[],"product_cat":[888],"product_tag":[],"series":[{"id":1515,"name":"Domani","slug":"domani"}],"publisher":[{"id":1461,"name":"ALMA Edizioni","slug":"alma-edizioni"}],"class_list":{"0":"post-92063","1":"product","2":"type-product","3":"status-publish","4":"has-post-thumbnail","6":"product_cat-itaalia-keel","7":"series-domani","8":"publisher-alma-edizioni","10":"first","11":"instock","12":"taxable","13":"shipping-taxable","14":"purchasable","15":"product-type-simple"},"acf":[],"_links":{"self":[{"href":"https:\/\/exlibris.ee\/ru\/wp-json\/wp\/v2\/product\/92063","targetHints":{"allow":["GET"]}}],"collection":[{"href":"https:\/\/exlibris.ee\/ru\/wp-json\/wp\/v2\/product"}],"about":[{"href":"https:\/\/exlibris.ee\/ru\/wp-json\/wp\/v2\/types\/product"}],"wp:featuredmedia":[{"embeddable":true,"href":"https:\/\/exlibris.ee\/ru\/wp-json\/wp\/v2\/media\/188268"}],"wp:attachment":[{"href":"https:\/\/exlibris.ee\/ru\/wp-json\/wp\/v2\/media?parent=92063"}],"wp:term":[{"taxonomy":"product_brand","embeddable":true,"href":"https:\/\/exlibris.ee\/ru\/wp-json\/wp\/v2\/product_brand?post=92063"},{"taxonomy":"product_cat","embeddable":true,"href":"https:\/\/exlibris.ee\/ru\/wp-json\/wp\/v2\/product_cat?post=92063"},{"taxonomy":"product_tag","embeddable":true,"href":"https:\/\/exlibris.ee\/ru\/wp-json\/wp\/v2\/product_tag?post=92063"},{"taxonomy":"series","embeddable":true,"href":"https:\/\/exlibris.ee\/ru\/wp-json\/wp\/v2\/series?post=92063"},{"taxonomy":"publisher","embeddable":true,"href":"https:\/\/exlibris.ee\/ru\/wp-json\/wp\/v2\/publisher?post=92063"}],"curies":[{"name":"wp","href":"https:\/\/api.w.org\/{rel}","templated":true}]}}