{"id":92076,"date":"2023-07-26T16:08:53","date_gmt":"2023-07-26T13:08:53","guid":{"rendered":"https:\/\/exlibris.ee\/toode\/il-congiuntivo-libro\/"},"modified":"2026-04-17T19:34:23","modified_gmt":"2026-04-17T16:34:23","slug":"il-congiuntivo-libro","status":"publish","type":"product","link":"https:\/\/exlibris.ee\/ru\/produkt\/il-congiuntivo-libro\/","title":{"rendered":"Il congiuntivo (libro)"},"content":{"rendered":"<p>Non sapete quando usare il congiuntivo? Quando parlate o scrivete non riuscite a decidere se sarebbe meglio usare il congiuntivo o l\u00b4indicativo (e magari a volte anche il  ndizionale)? Siete dei perfezionisti e volete risolvere tutti i vostri dubbi per arrivare ad esprimervi in un italiano pi\u00f9 ricco di sfumature? Il congiuntivo vi aiuter\u00e0 a capire perch\u00e9, quando e come usare questo modo verbale nella maniera pi\u00f9 appropriata! Le spiegazioni chiare e i numerosissimi esempi vi guideranno alla soluzione di moltissimi agili esercizi con cui potrete mettervi alla prova e verificare in tempo reale le conoscenze acquisite. Il libro \u00e8 rivolto sia a studenti che hanno appena iniziato a studiare il congiuntivo, sia a chi voglia analizzare pi\u00f9 in dettaglio certi aspetti o esercitarsi su alcuni usi specifici.<\/p>\n","protected":false},"excerpt":{"rendered":"<p>Non sapete quando usare il congiuntivo? Quando parlate o scrivete non riuscite a decidere se sarebbe meglio usare il congiuntivo o l\u00b4indicativo (e magari a volte anche il ndizionale)? Siete dei perfezionisti e volete risolvere tutti i vostri dubbi per&#8230;<\/p>\n","protected":false},"featured_media":323806,"template":"","meta":{"_acf_changed":false,"inline_featured_image":false},"product_brand":[],"product_cat":[888],"product_tag":[],"series":[],"publisher":[{"id":1461,"name":"ALMA Edizioni","slug":"alma-edizioni"}],"class_list":{"0":"post-92076","1":"product","2":"type-product","3":"status-publish","4":"has-post-thumbnail","6":"product_cat-itaalia-keel","7":"publisher-alma-edizioni","9":"first","10":"onbackorder","11":"taxable","12":"shipping-taxable","13":"purchasable","14":"product-type-simple"},"acf":[],"_links":{"self":[{"href":"https:\/\/exlibris.ee\/ru\/wp-json\/wp\/v2\/product\/92076","targetHints":{"allow":["GET"]}}],"collection":[{"href":"https:\/\/exlibris.ee\/ru\/wp-json\/wp\/v2\/product"}],"about":[{"href":"https:\/\/exlibris.ee\/ru\/wp-json\/wp\/v2\/types\/product"}],"wp:featuredmedia":[{"embeddable":true,"href":"https:\/\/exlibris.ee\/ru\/wp-json\/wp\/v2\/media\/323806"}],"wp:attachment":[{"href":"https:\/\/exlibris.ee\/ru\/wp-json\/wp\/v2\/media?parent=92076"}],"wp:term":[{"taxonomy":"product_brand","embeddable":true,"href":"https:\/\/exlibris.ee\/ru\/wp-json\/wp\/v2\/product_brand?post=92076"},{"taxonomy":"product_cat","embeddable":true,"href":"https:\/\/exlibris.ee\/ru\/wp-json\/wp\/v2\/product_cat?post=92076"},{"taxonomy":"product_tag","embeddable":true,"href":"https:\/\/exlibris.ee\/ru\/wp-json\/wp\/v2\/product_tag?post=92076"},{"taxonomy":"series","embeddable":true,"href":"https:\/\/exlibris.ee\/ru\/wp-json\/wp\/v2\/series?post=92076"},{"taxonomy":"publisher","embeddable":true,"href":"https:\/\/exlibris.ee\/ru\/wp-json\/wp\/v2\/publisher?post=92076"}],"curies":[{"name":"wp","href":"https:\/\/api.w.org\/{rel}","templated":true}]}}