{"id":92294,"date":"2023-07-26T16:10:20","date_gmt":"2023-07-26T13:10:20","guid":{"rendered":"https:\/\/exlibris.ee\/toode\/grammatica-pratica-della-lingua-italiana-per-studenti-cinesi-libro\/"},"modified":"2026-04-12T14:23:39","modified_gmt":"2026-04-12T11:23:39","slug":"grammatica-pratica-della-lingua-italiana-per-studenti-cinesi-libro","status":"publish","type":"product","link":"https:\/\/exlibris.ee\/ru\/produkt\/grammatica-pratica-della-lingua-italiana-per-studenti-cinesi-libro\/","title":{"rendered":"Grammatica pratica della lingua italiana per studenti cinesi (libro)"},"content":{"rendered":"<p>Esercizi e schede grammaticali chiare ed essenziali con istruzioni e grammatica in cinese. Questo libro permette agli studenti cinesi di esercitare la grammatica italiana in modo completo ed efficace. Attraverso schede grammaticali chiare ed essenziali, vengono spiegate tutte le principali regole della lingua italiana. A ci\u00f2 vanno aggiunti moltissimi esercizi, quiz, giochi, che oltre ad \u201callenare\u201d lo studente nell\u2019uso della lingua, consentono di ricavare anche informazioni sulla vita, la societ\u00e0, la cultura e la storia italiana. Sia nella presentazione delle regole che negli esercizi, particolare attenzione \u00e8 riservata alle forme pi\u00f9 utili e frequenti, nell\u2019intento di fornire una lingua pratica, autentica, di immediata utilizzazione. Sempre a questo scopo, non vengono trascurate le espressioni idiomatiche e gergali e le forme tipiche del parlato. Degli utili test a punti aiutano lo studente a verificare il livello di conoscenza della lingua. Il volume \u00e8 fornito di chiavi.<\/p>\n","protected":false},"excerpt":{"rendered":"<p>Esercizi e schede grammaticali chiare ed essenziali con istruzioni e grammatica in cinese. Questo libro permette agli studenti cinesi di esercitare la grammatica italiana in modo completo ed efficace. Attraverso schede grammaticali chiare ed essenziali, vengono spiegate tutte le principali&#8230;<\/p>\n","protected":false},"featured_media":221784,"template":"","meta":{"_acf_changed":false,"inline_featured_image":false},"product_brand":[],"product_cat":[888],"product_tag":[],"series":[{"id":1519,"name":"Grammatica pratica","slug":"grammatica-pratica"}],"publisher":[{"id":1461,"name":"ALMA Edizioni","slug":"alma-edizioni"}],"class_list":{"0":"post-92294","1":"product","2":"type-product","3":"status-publish","4":"has-post-thumbnail","6":"product_cat-itaalia-keel","7":"series-grammatica-pratica","8":"publisher-alma-edizioni","10":"first","11":"onbackorder","12":"taxable","13":"shipping-taxable","14":"purchasable","15":"product-type-simple"},"acf":[],"_links":{"self":[{"href":"https:\/\/exlibris.ee\/ru\/wp-json\/wp\/v2\/product\/92294","targetHints":{"allow":["GET"]}}],"collection":[{"href":"https:\/\/exlibris.ee\/ru\/wp-json\/wp\/v2\/product"}],"about":[{"href":"https:\/\/exlibris.ee\/ru\/wp-json\/wp\/v2\/types\/product"}],"wp:featuredmedia":[{"embeddable":true,"href":"https:\/\/exlibris.ee\/ru\/wp-json\/wp\/v2\/media\/221784"}],"wp:attachment":[{"href":"https:\/\/exlibris.ee\/ru\/wp-json\/wp\/v2\/media?parent=92294"}],"wp:term":[{"taxonomy":"product_brand","embeddable":true,"href":"https:\/\/exlibris.ee\/ru\/wp-json\/wp\/v2\/product_brand?post=92294"},{"taxonomy":"product_cat","embeddable":true,"href":"https:\/\/exlibris.ee\/ru\/wp-json\/wp\/v2\/product_cat?post=92294"},{"taxonomy":"product_tag","embeddable":true,"href":"https:\/\/exlibris.ee\/ru\/wp-json\/wp\/v2\/product_tag?post=92294"},{"taxonomy":"series","embeddable":true,"href":"https:\/\/exlibris.ee\/ru\/wp-json\/wp\/v2\/series?post=92294"},{"taxonomy":"publisher","embeddable":true,"href":"https:\/\/exlibris.ee\/ru\/wp-json\/wp\/v2\/publisher?post=92294"}],"curies":[{"name":"wp","href":"https:\/\/api.w.org\/{rel}","templated":true}]}}