{"id":92333,"date":"2023-07-26T16:10:25","date_gmt":"2023-07-26T13:10:25","guid":{"rendered":"https:\/\/exlibris.ee\/toode\/i-pronomi-italiani-libro\/"},"modified":"2026-04-14T23:17:13","modified_gmt":"2026-04-14T20:17:13","slug":"i-pronomi-italiani-libro","status":"publish","type":"product","link":"https:\/\/exlibris.ee\/ru\/produkt\/i-pronomi-italiani-libro\/","title":{"rendered":"I pronomi italiani (libro)"},"content":{"rendered":"<p>Questo libro unisce la chiarezza e la sistematicit\u00e0 della grammatica con l\u00b4utilit\u00e0 pratica dell\u00b4eserciziario. Contiene pi\u00f9 di cento esercizi, giochi, attivit\u00e0 e decine di schede per spiegare in modo semplice ed essenziale l\u00b4uso dei pronomi nella lingua italiana. Tutti gli argomenti, dai pi\u00f9 semplici ai pi\u00f9 complessi (pronomi diretti e indiretti, riflessivi, combinati, uso di ci e ne, imperativo con pronomi, verbi pronominali, pronomi personali soggetto, forme toniche e atone, dislocazioni pronominali), sono trattati con tabelle ed esempi chiari che presentano i casi pi\u00f9 utili e frequenti. Lo studio di ogni argomento \u00e8 accompagnato da una grande variet\u00e0 di esercizi, giochi, test e attivit\u00e0 che permettono allo studente di fare pratica con l\u00b4uso dei pronomi in italiano. Per la sua gradualit\u00e0 nel presentare le forme linguistiche, il testo \u00e8 adatto sia a studenti di livello elementare che di livello pi\u00f9 avanzato. Per tutti gli esercizi sono fornite le soluzioni. L\u00b4insegnante trover\u00e0 anche un\u00b4agile guida che lo ndirizzer\u00e0 nell\u00b4utilizzazione del libro in classe.<\/p>\n","protected":false},"excerpt":{"rendered":"<p>Questo libro unisce la chiarezza e la sistematicit\u00e0 della grammatica con l\u00b4utilit\u00e0 pratica dell\u00b4eserciziario. Contiene pi\u00f9 di cento esercizi, giochi, attivit\u00e0 e decine di schede per spiegare in modo semplice ed essenziale l\u00b4uso dei pronomi nella lingua italiana. Tutti gli&#8230;<\/p>\n","protected":false},"featured_media":116711,"template":"","meta":{"_acf_changed":false,"inline_featured_image":false},"product_brand":[],"product_cat":[888],"product_tag":[],"series":[],"publisher":[{"id":1461,"name":"ALMA Edizioni","slug":"alma-edizioni"}],"class_list":{"0":"post-92333","1":"product","2":"type-product","3":"status-publish","4":"has-post-thumbnail","6":"product_cat-itaalia-keel","7":"publisher-alma-edizioni","9":"first","10":"instock","11":"taxable","12":"shipping-taxable","13":"purchasable","14":"product-type-simple"},"acf":[],"_links":{"self":[{"href":"https:\/\/exlibris.ee\/ru\/wp-json\/wp\/v2\/product\/92333","targetHints":{"allow":["GET"]}}],"collection":[{"href":"https:\/\/exlibris.ee\/ru\/wp-json\/wp\/v2\/product"}],"about":[{"href":"https:\/\/exlibris.ee\/ru\/wp-json\/wp\/v2\/types\/product"}],"wp:featuredmedia":[{"embeddable":true,"href":"https:\/\/exlibris.ee\/ru\/wp-json\/wp\/v2\/media\/116711"}],"wp:attachment":[{"href":"https:\/\/exlibris.ee\/ru\/wp-json\/wp\/v2\/media?parent=92333"}],"wp:term":[{"taxonomy":"product_brand","embeddable":true,"href":"https:\/\/exlibris.ee\/ru\/wp-json\/wp\/v2\/product_brand?post=92333"},{"taxonomy":"product_cat","embeddable":true,"href":"https:\/\/exlibris.ee\/ru\/wp-json\/wp\/v2\/product_cat?post=92333"},{"taxonomy":"product_tag","embeddable":true,"href":"https:\/\/exlibris.ee\/ru\/wp-json\/wp\/v2\/product_tag?post=92333"},{"taxonomy":"series","embeddable":true,"href":"https:\/\/exlibris.ee\/ru\/wp-json\/wp\/v2\/series?post=92333"},{"taxonomy":"publisher","embeddable":true,"href":"https:\/\/exlibris.ee\/ru\/wp-json\/wp\/v2\/publisher?post=92333"}],"curies":[{"name":"wp","href":"https:\/\/api.w.org\/{rel}","templated":true}]}}