{"id":92334,"date":"2023-07-26T16:10:25","date_gmt":"2023-07-26T13:10:25","guid":{"rendered":"https:\/\/exlibris.ee\/toode\/giocare-con-la-letteratura-libro\/"},"modified":"2026-04-28T03:26:04","modified_gmt":"2026-04-28T00:26:04","slug":"giocare-con-la-letteratura-libro","status":"publish","type":"product","link":"https:\/\/exlibris.ee\/ru\/produkt\/giocare-con-la-letteratura-libro\/","title":{"rendered":"Giocare con la letteratura (libro)"},"content":{"rendered":"<p>Questo testo propone un modo nuovo ed originale di affrontare la lettura dei testi letterari nei corsi di lingua italiana per stranieri. L\u2019obiettivo \u00e8 ricreare il piacere del testo, stimolando la lettura in modo ludico e leggero, attraverso una serie di attivit\u00e0 altamente motivanti, che permettono allo studente di avvicinarsi alla letteratura in un\u2019atmosfera giocosa e rilassata. A ci\u00f2 si aggiunge una grande variet\u00e0 di attivit\u00e0 sulla lingua (lessico, morfologia, sintassi) e sullo stile. Il testo si indirizza a studenti di livello post-elementare, intermedio ed avanzato (A2 &#8212; C1) e si presta ad essere utilizzato non solo nelle scuole ma anche nelle Universit\u00e0. Il volume \u00e8 fornito di istruzioni per l\u2019insegnante, schede critico biografiche sugli autori e chiavi delle attivit\u00e0.<\/p>\n","protected":false},"excerpt":{"rendered":"<p>Questo testo propone un modo nuovo ed originale di affrontare la lettura dei testi letterari nei corsi di lingua italiana per stranieri. L\u2019obiettivo \u00e8 ricreare il piacere del testo, stimolando la lettura in modo ludico e leggero, attraverso una serie&#8230;<\/p>\n","protected":false},"featured_media":526852,"template":"","meta":{"_acf_changed":false,"inline_featured_image":false},"product_brand":[],"product_cat":[888],"product_tag":[],"series":[{"id":1523,"name":"Giocare con la \u2026","slug":"giocare-con-la"}],"publisher":[{"id":1461,"name":"ALMA Edizioni","slug":"alma-edizioni"}],"class_list":{"0":"post-92334","1":"product","2":"type-product","3":"status-publish","4":"has-post-thumbnail","6":"product_cat-itaalia-keel","7":"series-giocare-con-la","8":"publisher-alma-edizioni","10":"first","11":"onbackorder","12":"taxable","13":"shipping-taxable","14":"purchasable","15":"product-type-simple"},"acf":[],"_links":{"self":[{"href":"https:\/\/exlibris.ee\/ru\/wp-json\/wp\/v2\/product\/92334","targetHints":{"allow":["GET"]}}],"collection":[{"href":"https:\/\/exlibris.ee\/ru\/wp-json\/wp\/v2\/product"}],"about":[{"href":"https:\/\/exlibris.ee\/ru\/wp-json\/wp\/v2\/types\/product"}],"wp:featuredmedia":[{"embeddable":true,"href":"https:\/\/exlibris.ee\/ru\/wp-json\/wp\/v2\/media\/526852"}],"wp:attachment":[{"href":"https:\/\/exlibris.ee\/ru\/wp-json\/wp\/v2\/media?parent=92334"}],"wp:term":[{"taxonomy":"product_brand","embeddable":true,"href":"https:\/\/exlibris.ee\/ru\/wp-json\/wp\/v2\/product_brand?post=92334"},{"taxonomy":"product_cat","embeddable":true,"href":"https:\/\/exlibris.ee\/ru\/wp-json\/wp\/v2\/product_cat?post=92334"},{"taxonomy":"product_tag","embeddable":true,"href":"https:\/\/exlibris.ee\/ru\/wp-json\/wp\/v2\/product_tag?post=92334"},{"taxonomy":"series","embeddable":true,"href":"https:\/\/exlibris.ee\/ru\/wp-json\/wp\/v2\/series?post=92334"},{"taxonomy":"publisher","embeddable":true,"href":"https:\/\/exlibris.ee\/ru\/wp-json\/wp\/v2\/publisher?post=92334"}],"curies":[{"name":"wp","href":"https:\/\/api.w.org\/{rel}","templated":true}]}}