{"id":92341,"date":"2023-07-26T16:10:25","date_gmt":"2023-07-26T13:10:25","guid":{"rendered":"https:\/\/exlibris.ee\/toode\/giochi-senza-frontiere-libro\/"},"modified":"2026-04-03T13:16:58","modified_gmt":"2026-04-03T10:16:58","slug":"giochi-senza-frontiere-libro","status":"publish","type":"product","link":"https:\/\/exlibris.ee\/ru\/produkt\/giochi-senza-frontiere-libro\/","title":{"rendered":"Giochi senza frontiere (libro)"},"content":{"rendered":"<p>Questo libro propone una vastissima ed originale raccolta di giochi didattici e si rivolge non solo ad insegnanti di italiano L2\/LS, ma anche a docenti di altre lingue, di ogni ordine e grado, che abbiano interesse a utilizzare il gioco come strumento per sviluppare nello studente capacit\u00e0 di apprendimento. Il motto potrebbe essere: imparare \u201csenza accorgersi di imparare\u201d e senza far fatica, stimolando la creativit\u00e0 e il coraggio di sperimentare. Le attivit\u00e0 prettamente linguistiche, pur facendo la parte del leone, sono incastonate in una vera e propria filosofia del gioco come attivit\u00e0 ricreativa, motivazionale, energetica, multisensoriale. Pertanto, accanto alle attivit\u00e0 pi\u00f9 classiche di comprensione e produzione orale e scritta, sono presentati anche moltissimi giochi per favorire la concentrazione, migliorare la dinamica di gruppo, rompere il ghiaccio, aprire e chiudere una lezione o un corso, formare gruppi o coppie, separare momenti diversi della lezione, creare rilassamento o ricaricare le energie.<\/p>\n","protected":false},"excerpt":{"rendered":"<p>Questo libro propone una vastissima ed originale raccolta di giochi didattici e si rivolge non solo ad insegnanti di italiano L2\/LS, ma anche a docenti di altre lingue, di ogni ordine e grado, che abbiano interesse a utilizzare il gioco&#8230;<\/p>\n","protected":false},"featured_media":92266,"template":"","meta":{"_acf_changed":false,"inline_featured_image":false},"product_brand":[],"product_cat":[888],"product_tag":[],"series":[],"publisher":[{"id":1461,"name":"ALMA Edizioni","slug":"alma-edizioni"}],"class_list":{"0":"post-92341","1":"product","2":"type-product","3":"status-publish","4":"has-post-thumbnail","6":"product_cat-itaalia-keel","7":"publisher-alma-edizioni","9":"first","10":"onbackorder","11":"taxable","12":"shipping-taxable","13":"purchasable","14":"product-type-simple"},"acf":[],"_links":{"self":[{"href":"https:\/\/exlibris.ee\/ru\/wp-json\/wp\/v2\/product\/92341","targetHints":{"allow":["GET"]}}],"collection":[{"href":"https:\/\/exlibris.ee\/ru\/wp-json\/wp\/v2\/product"}],"about":[{"href":"https:\/\/exlibris.ee\/ru\/wp-json\/wp\/v2\/types\/product"}],"wp:featuredmedia":[{"embeddable":true,"href":"https:\/\/exlibris.ee\/ru\/wp-json\/wp\/v2\/media\/92266"}],"wp:attachment":[{"href":"https:\/\/exlibris.ee\/ru\/wp-json\/wp\/v2\/media?parent=92341"}],"wp:term":[{"taxonomy":"product_brand","embeddable":true,"href":"https:\/\/exlibris.ee\/ru\/wp-json\/wp\/v2\/product_brand?post=92341"},{"taxonomy":"product_cat","embeddable":true,"href":"https:\/\/exlibris.ee\/ru\/wp-json\/wp\/v2\/product_cat?post=92341"},{"taxonomy":"product_tag","embeddable":true,"href":"https:\/\/exlibris.ee\/ru\/wp-json\/wp\/v2\/product_tag?post=92341"},{"taxonomy":"series","embeddable":true,"href":"https:\/\/exlibris.ee\/ru\/wp-json\/wp\/v2\/series?post=92341"},{"taxonomy":"publisher","embeddable":true,"href":"https:\/\/exlibris.ee\/ru\/wp-json\/wp\/v2\/publisher?post=92341"}],"curies":[{"name":"wp","href":"https:\/\/api.w.org\/{rel}","templated":true}]}}