{"id":92799,"date":"2023-07-27T01:48:22","date_gmt":"2023-07-26T22:48:22","guid":{"rendered":"https:\/\/exlibris.ee\/toode\/in-bocca-al-lupo-ragazzi-3-quaderno-di-lavoro-libro\/"},"modified":"2026-04-03T11:24:27","modified_gmt":"2026-04-03T08:24:27","slug":"in-bocca-al-lupo-ragazzi-3-quaderno-di-lavoro-libro","status":"publish","type":"product","link":"https:\/\/exlibris.ee\/ru\/produkt\/in-bocca-al-lupo-ragazzi-3-quaderno-di-lavoro-libro\/","title":{"rendered":"In bocca al lupo, ragazzi! 3 \u2013 Quaderno di lavoro (libro)"},"content":{"rendered":"<p>Questo quaderno di lavoro comprende 15 unit\u00e0 di esercizi, corrispondenti alle relative unit\u00e0 del libro dello studente. Pu\u00f2 essere utilizzato sia in classe che a casa per il reimpiego e il consolidamento delle strutture morfosintattiche e del lessico presentati nel libro dello studente. Il quaderno propone un\u00b4ampia gamma di esercizi: riordino, abbinamento, vero\/falso, cloze, crucipuzzle, trasformazione, classificazione, ecc. Alla fine di ciascuna unit\u00e0 \u00e8 inoltre presente una breve sezione di autovalutazione su ci\u00f2 che lo studente &#171;&#187;sa fare&#187;&#187; con la lingua. Icone e minibox di immediata comprensione rimandano alla pagina di grammatica di riferimento nel libro dello studente e indicano il grado di difficolt\u00e0 di ciascun esercizio.<\/p>\n","protected":false},"excerpt":{"rendered":"<p>Questo quaderno di lavoro comprende 15 unit\u00e0 di esercizi, corrispondenti alle relative unit\u00e0 del libro dello studente. Pu\u00f2 essere utilizzato sia in classe che a casa per il reimpiego e il consolidamento delle strutture morfosintattiche e del lessico presentati nel&#8230;<\/p>\n","protected":false},"featured_media":92460,"template":"","meta":{"_acf_changed":false,"inline_featured_image":false},"product_brand":[],"product_cat":[888],"product_tag":[],"series":[{"id":1514,"name":"In bocca al lupo","slug":"in-bocca-al-lupo"}],"publisher":[{"id":1461,"name":"ALMA Edizioni","slug":"alma-edizioni"}],"class_list":{"0":"post-92799","1":"product","2":"type-product","3":"status-publish","4":"has-post-thumbnail","6":"product_cat-itaalia-keel","7":"series-in-bocca-al-lupo","8":"publisher-alma-edizioni","10":"first","11":"onbackorder","12":"taxable","13":"shipping-taxable","14":"purchasable","15":"product-type-simple"},"acf":[],"_links":{"self":[{"href":"https:\/\/exlibris.ee\/ru\/wp-json\/wp\/v2\/product\/92799","targetHints":{"allow":["GET"]}}],"collection":[{"href":"https:\/\/exlibris.ee\/ru\/wp-json\/wp\/v2\/product"}],"about":[{"href":"https:\/\/exlibris.ee\/ru\/wp-json\/wp\/v2\/types\/product"}],"wp:featuredmedia":[{"embeddable":true,"href":"https:\/\/exlibris.ee\/ru\/wp-json\/wp\/v2\/media\/92460"}],"wp:attachment":[{"href":"https:\/\/exlibris.ee\/ru\/wp-json\/wp\/v2\/media?parent=92799"}],"wp:term":[{"taxonomy":"product_brand","embeddable":true,"href":"https:\/\/exlibris.ee\/ru\/wp-json\/wp\/v2\/product_brand?post=92799"},{"taxonomy":"product_cat","embeddable":true,"href":"https:\/\/exlibris.ee\/ru\/wp-json\/wp\/v2\/product_cat?post=92799"},{"taxonomy":"product_tag","embeddable":true,"href":"https:\/\/exlibris.ee\/ru\/wp-json\/wp\/v2\/product_tag?post=92799"},{"taxonomy":"series","embeddable":true,"href":"https:\/\/exlibris.ee\/ru\/wp-json\/wp\/v2\/series?post=92799"},{"taxonomy":"publisher","embeddable":true,"href":"https:\/\/exlibris.ee\/ru\/wp-json\/wp\/v2\/publisher?post=92799"}],"curies":[{"name":"wp","href":"https:\/\/api.w.org\/{rel}","templated":true}]}}