{"id":92825,"date":"2023-07-27T01:48:25","date_gmt":"2023-07-26T22:48:25","guid":{"rendered":"https:\/\/exlibris.ee\/toode\/modelle-pistole-e-mozzarelle-libro-audio-online\/"},"modified":"2026-04-17T19:34:23","modified_gmt":"2026-04-17T16:34:23","slug":"modelle-pistole-e-mozzarelle-libro-audio-online","status":"publish","type":"product","link":"https:\/\/exlibris.ee\/ru\/produkt\/modelle-pistole-e-mozzarelle-libro-audio-online\/","title":{"rendered":"Modelle, pistole e mozzarelle (libro + audio online)"},"content":{"rendered":"<p>Milano \u00e8 la citt\u00e0 della moda e degli affari. Una mattina di ottobre una donna bionda si reca nell\u00b4ufficio del detective privato Antonio Esposito: &#171;&#187;Sto cercando mia figlia. \u00c8\u200b americana e fa la modella.&#187;&#187; Una storia poliziesca piena di sorprese, belle donne, strani politici e&#8230; buon cibo. Una nuova serie di letture graduate, in un nuovo formato tutto a colori e con la possibilit\u00e0 di accedere gratuitamente on line alla versione audio del testo, con voci di attori professionisti ed effetti sonori realistici e coinvolgenti. La versione audio permette di gustare al meglio il racconto. \u00e8 inoltre utile per migliorare la capacit\u00e0 di comprensione orale, l\u2019intonazione e la pronuncia. La collana presenta numerosi titoli inediti oltre alla nuova edizione delle letture pi\u00f9 belle della vecchia serie. Ogni racconto \u00e8 integrato da test di comprensione, esercizi, attivit\u00e0 didattiche.<\/p>\n","protected":false},"excerpt":{"rendered":"<p>Milano \u00e8 la citt\u00e0 della moda e degli affari. Una mattina di ottobre una donna bionda si reca nell\u00b4ufficio del detective privato Antonio Esposito: &#171;&#187;Sto cercando mia figlia. \u00c8\u200b americana e fa la modella.&#187;&#187; Una storia poliziesca piena di sorprese,&#8230;<\/p>\n","protected":false},"featured_media":323816,"template":"","meta":{"_acf_changed":false,"inline_featured_image":false},"product_brand":[],"product_cat":[888],"product_tag":[],"series":[],"publisher":[{"id":1461,"name":"ALMA Edizioni","slug":"alma-edizioni"}],"class_list":{"0":"post-92825","1":"product","2":"type-product","3":"status-publish","4":"has-post-thumbnail","6":"product_cat-itaalia-keel","7":"publisher-alma-edizioni","9":"first","10":"instock","11":"taxable","12":"shipping-taxable","13":"purchasable","14":"product-type-simple"},"acf":[],"_links":{"self":[{"href":"https:\/\/exlibris.ee\/ru\/wp-json\/wp\/v2\/product\/92825","targetHints":{"allow":["GET"]}}],"collection":[{"href":"https:\/\/exlibris.ee\/ru\/wp-json\/wp\/v2\/product"}],"about":[{"href":"https:\/\/exlibris.ee\/ru\/wp-json\/wp\/v2\/types\/product"}],"wp:featuredmedia":[{"embeddable":true,"href":"https:\/\/exlibris.ee\/ru\/wp-json\/wp\/v2\/media\/323816"}],"wp:attachment":[{"href":"https:\/\/exlibris.ee\/ru\/wp-json\/wp\/v2\/media?parent=92825"}],"wp:term":[{"taxonomy":"product_brand","embeddable":true,"href":"https:\/\/exlibris.ee\/ru\/wp-json\/wp\/v2\/product_brand?post=92825"},{"taxonomy":"product_cat","embeddable":true,"href":"https:\/\/exlibris.ee\/ru\/wp-json\/wp\/v2\/product_cat?post=92825"},{"taxonomy":"product_tag","embeddable":true,"href":"https:\/\/exlibris.ee\/ru\/wp-json\/wp\/v2\/product_tag?post=92825"},{"taxonomy":"series","embeddable":true,"href":"https:\/\/exlibris.ee\/ru\/wp-json\/wp\/v2\/series?post=92825"},{"taxonomy":"publisher","embeddable":true,"href":"https:\/\/exlibris.ee\/ru\/wp-json\/wp\/v2\/publisher?post=92825"}],"curies":[{"name":"wp","href":"https:\/\/api.w.org\/{rel}","templated":true}]}}