{"id":92835,"date":"2023-07-27T01:48:26","date_gmt":"2023-07-26T22:48:26","guid":{"rendered":"https:\/\/exlibris.ee\/toode\/amore-e-cappuccino-ebook\/"},"modified":"2026-04-03T11:25:09","modified_gmt":"2026-04-03T08:25:09","slug":"amore-e-cappuccino-ebook","status":"publish","type":"product","link":"https:\/\/exlibris.ee\/ru\/produkt\/amore-e-cappuccino-ebook\/","title":{"rendered":"Amore e cappuccino (ebook)"},"content":{"rendered":"<p>Karen \u00e8 finalmente a Roma, la citt\u00e0 in cui &#171;non \u00e8 possibile essere tristi&#187;. Nella citt\u00e0 eterna incontra Claudio e la sua FIAT 500 gialla. Ma il ragazzo italiano nasconde qualcosa. Chi \u00e8 veramente Claudio? Un\u00b4avventura tra le bellezze e i misteri di Roma e&#8230; un cappuccino con il cuore!<\/p>\n","protected":false},"excerpt":{"rendered":"<p>Karen \u00e8 finalmente a Roma, la citt\u00e0 in cui &#171;non \u00e8 possibile essere tristi&#187;. Nella citt\u00e0 eterna incontra Claudio e la sua FIAT 500 gialla. Ma il ragazzo italiano nasconde qualcosa. Chi \u00e8 veramente Claudio? Un\u00b4avventura tra le bellezze e&#8230;<\/p>\n","protected":false},"featured_media":92568,"template":"","meta":{"_acf_changed":false,"inline_featured_image":false},"product_brand":[],"product_cat":[888],"product_tag":[],"series":[],"publisher":[{"id":1461,"name":"ALMA Edizioni","slug":"alma-edizioni"}],"class_list":{"0":"post-92835","1":"product","2":"type-product","3":"status-publish","4":"has-post-thumbnail","6":"product_cat-itaalia-keel","7":"publisher-alma-edizioni","9":"first","10":"onbackorder","11":"taxable","12":"shipping-taxable","13":"purchasable","14":"product-type-simple"},"acf":[],"_links":{"self":[{"href":"https:\/\/exlibris.ee\/ru\/wp-json\/wp\/v2\/product\/92835","targetHints":{"allow":["GET"]}}],"collection":[{"href":"https:\/\/exlibris.ee\/ru\/wp-json\/wp\/v2\/product"}],"about":[{"href":"https:\/\/exlibris.ee\/ru\/wp-json\/wp\/v2\/types\/product"}],"wp:featuredmedia":[{"embeddable":true,"href":"https:\/\/exlibris.ee\/ru\/wp-json\/wp\/v2\/media\/92568"}],"wp:attachment":[{"href":"https:\/\/exlibris.ee\/ru\/wp-json\/wp\/v2\/media?parent=92835"}],"wp:term":[{"taxonomy":"product_brand","embeddable":true,"href":"https:\/\/exlibris.ee\/ru\/wp-json\/wp\/v2\/product_brand?post=92835"},{"taxonomy":"product_cat","embeddable":true,"href":"https:\/\/exlibris.ee\/ru\/wp-json\/wp\/v2\/product_cat?post=92835"},{"taxonomy":"product_tag","embeddable":true,"href":"https:\/\/exlibris.ee\/ru\/wp-json\/wp\/v2\/product_tag?post=92835"},{"taxonomy":"series","embeddable":true,"href":"https:\/\/exlibris.ee\/ru\/wp-json\/wp\/v2\/series?post=92835"},{"taxonomy":"publisher","embeddable":true,"href":"https:\/\/exlibris.ee\/ru\/wp-json\/wp\/v2\/publisher?post=92835"}],"curies":[{"name":"wp","href":"https:\/\/api.w.org\/{rel}","templated":true}]}}