{"id":92871,"date":"2023-07-27T01:48:30","date_gmt":"2023-07-26T22:48:30","guid":{"rendered":"https:\/\/exlibris.ee\/toode\/storie-italiane-libro-audio-online\/"},"modified":"2026-04-03T11:25:13","modified_gmt":"2026-04-03T08:25:13","slug":"storie-italiane-libro-audio-online","status":"publish","type":"product","link":"https:\/\/exlibris.ee\/ru\/produkt\/storie-italiane-libro-audio-online\/","title":{"rendered":"Storie italiane (libro + audio online)"},"content":{"rendered":"<p>Rinascimento, Risorgimento, Fascismo, Boom Economico, Terrorismo: sono solo alcune delle fasi pi\u00f9 importanti della storia d\u2019Italia raccontate in queste brevi storie, in cui i grandi eventi sono visti dal punto di vista di persone pi\u00f9 o meno comuni. Le storie sono accompagnate da attivit\u00e0 di comprensione e grammaticali, schede culturali e, novit\u00e0 assoluta, carte da gioco appositamente pensate per favorire un\u2019immersione non solo nella lingua, ma anche negli aspetti pi\u00f9 strettamente culturali che costituiscono anche gli elementi portanti dei giochi da svolgere.<\/p>\n","protected":false},"excerpt":{"rendered":"<p>Rinascimento, Risorgimento, Fascismo, Boom Economico, Terrorismo: sono solo alcune delle fasi pi\u00f9 importanti della storia d\u2019Italia raccontate in queste brevi storie, in cui i grandi eventi sono visti dal punto di vista di persone pi\u00f9 o meno comuni. Le storie&#8230;<\/p>\n","protected":false},"featured_media":92676,"template":"","meta":{"_acf_changed":false,"inline_featured_image":false},"product_brand":[],"product_cat":[888],"product_tag":[],"series":[{"id":1535,"name":"Storie","slug":"storie"}],"publisher":[{"id":1461,"name":"ALMA Edizioni","slug":"alma-edizioni"}],"class_list":{"0":"post-92871","1":"product","2":"type-product","3":"status-publish","4":"has-post-thumbnail","6":"product_cat-itaalia-keel","7":"series-storie","8":"publisher-alma-edizioni","10":"first","11":"onbackorder","12":"taxable","13":"shipping-taxable","14":"purchasable","15":"product-type-simple"},"acf":[],"_links":{"self":[{"href":"https:\/\/exlibris.ee\/ru\/wp-json\/wp\/v2\/product\/92871","targetHints":{"allow":["GET"]}}],"collection":[{"href":"https:\/\/exlibris.ee\/ru\/wp-json\/wp\/v2\/product"}],"about":[{"href":"https:\/\/exlibris.ee\/ru\/wp-json\/wp\/v2\/types\/product"}],"wp:featuredmedia":[{"embeddable":true,"href":"https:\/\/exlibris.ee\/ru\/wp-json\/wp\/v2\/media\/92676"}],"wp:attachment":[{"href":"https:\/\/exlibris.ee\/ru\/wp-json\/wp\/v2\/media?parent=92871"}],"wp:term":[{"taxonomy":"product_brand","embeddable":true,"href":"https:\/\/exlibris.ee\/ru\/wp-json\/wp\/v2\/product_brand?post=92871"},{"taxonomy":"product_cat","embeddable":true,"href":"https:\/\/exlibris.ee\/ru\/wp-json\/wp\/v2\/product_cat?post=92871"},{"taxonomy":"product_tag","embeddable":true,"href":"https:\/\/exlibris.ee\/ru\/wp-json\/wp\/v2\/product_tag?post=92871"},{"taxonomy":"series","embeddable":true,"href":"https:\/\/exlibris.ee\/ru\/wp-json\/wp\/v2\/series?post=92871"},{"taxonomy":"publisher","embeddable":true,"href":"https:\/\/exlibris.ee\/ru\/wp-json\/wp\/v2\/publisher?post=92871"}],"curies":[{"name":"wp","href":"https:\/\/api.w.org\/{rel}","templated":true}]}}