{"id":92901,"date":"2023-07-27T01:48:34","date_gmt":"2023-07-26T22:48:34","guid":{"rendered":"https:\/\/exlibris.ee\/toode\/parole-crociate-3-libro\/"},"modified":"2026-04-21T14:15:47","modified_gmt":"2026-04-21T11:15:47","slug":"parole-crociate-3-libro","status":"publish","type":"product","link":"https:\/\/exlibris.ee\/ru\/produkt\/parole-crociate-3-libro\/","title":{"rendered":"Parole crociate 3 (libro)"},"content":{"rendered":"<p>Per lo studente queste parole crociate presentano un modo facile e divertente per imparare le parole di base della lingua italiana. Ogni cruciverba utilizza solo le parole italiane pi\u00f9 frequenti e pi\u00f9 utili e si riferisce ad un argomento particolare (la casa, la citt\u00e0, la famiglia, il lavoro, il mangiare e il bere, il tempo libero, la politica, la religione, ecc.). Ma ci sono anche parole crociate di argomento pi\u00f9 generale, puzzle e altri giochi linguistici. Per gli insegnanti il testo costituisce un\u00b4utile fonte di esercizi e un pratico strumento di verifica. Ogni schema rappresenta infatti un valido test dei risultati raggiunti in classe non solo nella padronanza del lessico ma anche nella grammatica e nelle capacit\u00e0 di comprensione e produzione scritta.<\/p>\n","protected":false},"excerpt":{"rendered":"<p>Per lo studente queste parole crociate presentano un modo facile e divertente per imparare le parole di base della lingua italiana. Ogni cruciverba utilizza solo le parole italiane pi\u00f9 frequenti e pi\u00f9 utili e si riferisce ad un argomento particolare&#8230;<\/p>\n","protected":false},"featured_media":392842,"template":"","meta":{"_acf_changed":false,"inline_featured_image":false},"product_brand":[],"product_cat":[888],"product_tag":[],"series":[{"id":1540,"name":"Parole crociate","slug":"parole-crociate"}],"publisher":[{"id":1461,"name":"ALMA Edizioni","slug":"alma-edizioni"}],"class_list":{"0":"post-92901","1":"product","2":"type-product","3":"status-publish","4":"has-post-thumbnail","6":"product_cat-itaalia-keel","7":"series-parole-crociate","8":"publisher-alma-edizioni","10":"first","11":"onbackorder","12":"taxable","13":"shipping-taxable","14":"purchasable","15":"product-type-simple"},"acf":[],"_links":{"self":[{"href":"https:\/\/exlibris.ee\/ru\/wp-json\/wp\/v2\/product\/92901","targetHints":{"allow":["GET"]}}],"collection":[{"href":"https:\/\/exlibris.ee\/ru\/wp-json\/wp\/v2\/product"}],"about":[{"href":"https:\/\/exlibris.ee\/ru\/wp-json\/wp\/v2\/types\/product"}],"wp:featuredmedia":[{"embeddable":true,"href":"https:\/\/exlibris.ee\/ru\/wp-json\/wp\/v2\/media\/392842"}],"wp:attachment":[{"href":"https:\/\/exlibris.ee\/ru\/wp-json\/wp\/v2\/media?parent=92901"}],"wp:term":[{"taxonomy":"product_brand","embeddable":true,"href":"https:\/\/exlibris.ee\/ru\/wp-json\/wp\/v2\/product_brand?post=92901"},{"taxonomy":"product_cat","embeddable":true,"href":"https:\/\/exlibris.ee\/ru\/wp-json\/wp\/v2\/product_cat?post=92901"},{"taxonomy":"product_tag","embeddable":true,"href":"https:\/\/exlibris.ee\/ru\/wp-json\/wp\/v2\/product_tag?post=92901"},{"taxonomy":"series","embeddable":true,"href":"https:\/\/exlibris.ee\/ru\/wp-json\/wp\/v2\/series?post=92901"},{"taxonomy":"publisher","embeddable":true,"href":"https:\/\/exlibris.ee\/ru\/wp-json\/wp\/v2\/publisher?post=92901"}],"curies":[{"name":"wp","href":"https:\/\/api.w.org\/{rel}","templated":true}]}}