{"id":92906,"date":"2023-07-27T01:48:34","date_gmt":"2023-07-26T22:48:34","guid":{"rendered":"https:\/\/exlibris.ee\/toode\/letture-in-gioco-libro\/"},"modified":"2026-04-04T07:09:25","modified_gmt":"2026-04-04T04:09:25","slug":"letture-in-gioco-libro","status":"publish","type":"product","link":"https:\/\/exlibris.ee\/ru\/produkt\/letture-in-gioco-libro\/","title":{"rendered":"Letture in gioco (libro)"},"content":{"rendered":"<p>Questo testo presenta proposte didattiche vivaci e originali per leggere in italiano e sviluppare la competenza testuale fin dai primi livelli di apprendimento. Ogni unit\u00e0 \u00e8 organizzata intorno a un testo appartenente a un diverso genere testuale: articoli di cronaca e di opinione, pubblicit\u00e0, fumetti, poesie, racconti, testi regolativi, lettere ai giornali, email, messaggi telefonici. Le unit\u00e0 sono ordinate secondo una progressione di difficolt\u00e0, da un livello elementare fino a un livello avanzato (A2 &#8212; C1).<\/p>\n","protected":false},"excerpt":{"rendered":"<p>Questo testo presenta proposte didattiche vivaci e originali per leggere in italiano e sviluppare la competenza testuale fin dai primi livelli di apprendimento. Ogni unit\u00e0 \u00e8 organizzata intorno a un testo appartenente a un diverso genere testuale: articoli di cronaca&#8230;<\/p>\n","protected":false},"featured_media":92781,"template":"","meta":{"_acf_changed":false,"inline_featured_image":false},"product_brand":[],"product_cat":[888],"product_tag":[],"series":[],"publisher":[{"id":1461,"name":"ALMA Edizioni","slug":"alma-edizioni"}],"class_list":{"0":"post-92906","1":"product","2":"type-product","3":"status-publish","4":"has-post-thumbnail","6":"product_cat-itaalia-keel","7":"publisher-alma-edizioni","9":"first","10":"onbackorder","11":"taxable","12":"shipping-taxable","13":"purchasable","14":"product-type-simple"},"acf":[],"_links":{"self":[{"href":"https:\/\/exlibris.ee\/ru\/wp-json\/wp\/v2\/product\/92906","targetHints":{"allow":["GET"]}}],"collection":[{"href":"https:\/\/exlibris.ee\/ru\/wp-json\/wp\/v2\/product"}],"about":[{"href":"https:\/\/exlibris.ee\/ru\/wp-json\/wp\/v2\/types\/product"}],"wp:featuredmedia":[{"embeddable":true,"href":"https:\/\/exlibris.ee\/ru\/wp-json\/wp\/v2\/media\/92781"}],"wp:attachment":[{"href":"https:\/\/exlibris.ee\/ru\/wp-json\/wp\/v2\/media?parent=92906"}],"wp:term":[{"taxonomy":"product_brand","embeddable":true,"href":"https:\/\/exlibris.ee\/ru\/wp-json\/wp\/v2\/product_brand?post=92906"},{"taxonomy":"product_cat","embeddable":true,"href":"https:\/\/exlibris.ee\/ru\/wp-json\/wp\/v2\/product_cat?post=92906"},{"taxonomy":"product_tag","embeddable":true,"href":"https:\/\/exlibris.ee\/ru\/wp-json\/wp\/v2\/product_tag?post=92906"},{"taxonomy":"series","embeddable":true,"href":"https:\/\/exlibris.ee\/ru\/wp-json\/wp\/v2\/series?post=92906"},{"taxonomy":"publisher","embeddable":true,"href":"https:\/\/exlibris.ee\/ru\/wp-json\/wp\/v2\/publisher?post=92906"}],"curies":[{"name":"wp","href":"https:\/\/api.w.org\/{rel}","templated":true}]}}