{"id":92909,"date":"2023-07-27T01:48:35","date_gmt":"2023-07-26T22:48:35","guid":{"rendered":"https:\/\/exlibris.ee\/toode\/raccontami-2-libro-per-lalunno-libro-audio-online\/"},"modified":"2026-04-16T20:15:26","modified_gmt":"2026-04-16T17:15:26","slug":"raccontami-2-libro-per-lalunno-libro-audio-online","status":"publish","type":"product","link":"https:\/\/exlibris.ee\/ru\/produkt\/raccontami-2-libro-per-lalunno-libro-audio-online\/","title":{"rendered":"Raccontami 2 \u2013 Libro per l\u2019alunno (libro + audio online)"},"content":{"rendered":"<p>Raccontami \u00e8 un corso di lingua italiana per bambini che propone un modo nuovo e stimolante di imparare l\u2019italiano. Grazie al \u201cmetodo narrativo\u201d, incentrato sul racconto e la ripetizione delle favole, i bambini sono spinti a parlare e ad ascoltare l\u2019italiano senza sentirsi stressati ma al contrario divertendosi e integrandosi con i compagni. Le unit\u00e0 didattiche sono centrate su storie originali e coinvolgenti, che stimolano nel bambino la curiosit\u00e0 e la capacit\u00e0 immaginativa e che, attraverso il piacere del racconto, permettono di avvicinarsi alla lingua in modo piacevole e divertente.<\/p>\n","protected":false},"excerpt":{"rendered":"<p>Raccontami \u00e8 un corso di lingua italiana per bambini che propone un modo nuovo e stimolante di imparare l\u2019italiano. Grazie al \u201cmetodo narrativo\u201d, incentrato sul racconto e la ripetizione delle favole, i bambini sono spinti a parlare e ad ascoltare&#8230;<\/p>\n","protected":false},"featured_media":306658,"template":"","meta":{"_acf_changed":false,"inline_featured_image":false},"product_brand":[],"product_cat":[888],"product_tag":[],"series":[{"id":1541,"name":"Raccontami","slug":"raccontami"}],"publisher":[{"id":1461,"name":"ALMA Edizioni","slug":"alma-edizioni"}],"class_list":{"0":"post-92909","1":"product","2":"type-product","3":"status-publish","4":"has-post-thumbnail","6":"product_cat-itaalia-keel","7":"series-raccontami","8":"publisher-alma-edizioni","10":"first","11":"instock","12":"taxable","13":"shipping-taxable","14":"purchasable","15":"product-type-simple"},"acf":[],"_links":{"self":[{"href":"https:\/\/exlibris.ee\/ru\/wp-json\/wp\/v2\/product\/92909","targetHints":{"allow":["GET"]}}],"collection":[{"href":"https:\/\/exlibris.ee\/ru\/wp-json\/wp\/v2\/product"}],"about":[{"href":"https:\/\/exlibris.ee\/ru\/wp-json\/wp\/v2\/types\/product"}],"wp:featuredmedia":[{"embeddable":true,"href":"https:\/\/exlibris.ee\/ru\/wp-json\/wp\/v2\/media\/306658"}],"wp:attachment":[{"href":"https:\/\/exlibris.ee\/ru\/wp-json\/wp\/v2\/media?parent=92909"}],"wp:term":[{"taxonomy":"product_brand","embeddable":true,"href":"https:\/\/exlibris.ee\/ru\/wp-json\/wp\/v2\/product_brand?post=92909"},{"taxonomy":"product_cat","embeddable":true,"href":"https:\/\/exlibris.ee\/ru\/wp-json\/wp\/v2\/product_cat?post=92909"},{"taxonomy":"product_tag","embeddable":true,"href":"https:\/\/exlibris.ee\/ru\/wp-json\/wp\/v2\/product_tag?post=92909"},{"taxonomy":"series","embeddable":true,"href":"https:\/\/exlibris.ee\/ru\/wp-json\/wp\/v2\/series?post=92909"},{"taxonomy":"publisher","embeddable":true,"href":"https:\/\/exlibris.ee\/ru\/wp-json\/wp\/v2\/publisher?post=92909"}],"curies":[{"name":"wp","href":"https:\/\/api.w.org\/{rel}","templated":true}]}}