{"id":93245,"date":"2023-07-31T16:01:36","date_gmt":"2023-07-31T13:01:36","guid":{"rendered":"https:\/\/exlibris.ee\/toode\/piazza-italia-1-ebook\/"},"modified":"2026-04-04T05:26:02","modified_gmt":"2026-04-04T02:26:02","slug":"piazza-italia-1-ebook","status":"publish","type":"product","link":"https:\/\/exlibris.ee\/ru\/produkt\/piazza-italia-1-ebook\/","title":{"rendered":"Piazza Italia 1 (ebook)"},"content":{"rendered":"<p>Una serie di testi autentici tratti da giornali, riviste, siti web, blog relativi alla vita, alla societ\u00e0, alla mentalit\u00e0 e alle abitudini italiane. I testi sono organizzati in unit\u00e0 didattiche di difficolt\u00e0 progressiva che comprendono attivit\u00e0 per la classe e numerosi esercizi di revisione che mirano a sviluppare la capacit\u00e0 di leggere, parlare e scrivere in italiano. L\u00b4ebook si propone come uno strumento utile e accattivante per entrare in contatto in modo autentico e non stereotipato con la realt\u00e0 italiana. Piazza Italia 1 \u00e8 adatto a studenti di livello elementare ed intermedio (A1 &#8212; B1).<\/p>\n","protected":false},"excerpt":{"rendered":"<p>Una serie di testi autentici tratti da giornali, riviste, siti web, blog relativi alla vita, alla societ\u00e0, alla mentalit\u00e0 e alle abitudini italiane. I testi sono organizzati in unit\u00e0 didattiche di difficolt\u00e0 progressiva che comprendono attivit\u00e0 per la classe e&#8230;<\/p>\n","protected":false},"featured_media":93175,"template":"","meta":{"_acf_changed":false,"inline_featured_image":false},"product_brand":[],"product_cat":[888],"product_tag":[],"series":[{"id":1547,"name":"Piazza Italia","slug":"piazza-italia"}],"publisher":[{"id":1461,"name":"ALMA Edizioni","slug":"alma-edizioni"}],"class_list":{"0":"post-93245","1":"product","2":"type-product","3":"status-publish","4":"has-post-thumbnail","6":"product_cat-itaalia-keel","7":"series-piazza-italia","8":"publisher-alma-edizioni","10":"first","11":"onbackorder","12":"taxable","13":"shipping-taxable","14":"purchasable","15":"product-type-simple"},"acf":[],"_links":{"self":[{"href":"https:\/\/exlibris.ee\/ru\/wp-json\/wp\/v2\/product\/93245","targetHints":{"allow":["GET"]}}],"collection":[{"href":"https:\/\/exlibris.ee\/ru\/wp-json\/wp\/v2\/product"}],"about":[{"href":"https:\/\/exlibris.ee\/ru\/wp-json\/wp\/v2\/types\/product"}],"wp:featuredmedia":[{"embeddable":true,"href":"https:\/\/exlibris.ee\/ru\/wp-json\/wp\/v2\/media\/93175"}],"wp:attachment":[{"href":"https:\/\/exlibris.ee\/ru\/wp-json\/wp\/v2\/media?parent=93245"}],"wp:term":[{"taxonomy":"product_brand","embeddable":true,"href":"https:\/\/exlibris.ee\/ru\/wp-json\/wp\/v2\/product_brand?post=93245"},{"taxonomy":"product_cat","embeddable":true,"href":"https:\/\/exlibris.ee\/ru\/wp-json\/wp\/v2\/product_cat?post=93245"},{"taxonomy":"product_tag","embeddable":true,"href":"https:\/\/exlibris.ee\/ru\/wp-json\/wp\/v2\/product_tag?post=93245"},{"taxonomy":"series","embeddable":true,"href":"https:\/\/exlibris.ee\/ru\/wp-json\/wp\/v2\/series?post=93245"},{"taxonomy":"publisher","embeddable":true,"href":"https:\/\/exlibris.ee\/ru\/wp-json\/wp\/v2\/publisher?post=93245"}],"curies":[{"name":"wp","href":"https:\/\/api.w.org\/{rel}","templated":true}]}}