{"id":93269,"date":"2023-07-31T16:01:39","date_gmt":"2023-07-31T13:01:39","guid":{"rendered":"https:\/\/exlibris.ee\/toode\/grammamia-guida-per-linsegnante-libro-cd\/"},"modified":"2026-04-05T19:32:05","modified_gmt":"2026-04-05T16:32:05","slug":"grammamia-guida-per-linsegnante-libro-cd","status":"publish","type":"product","link":"https:\/\/exlibris.ee\/ru\/produkt\/grammamia-guida-per-linsegnante-libro-cd\/","title":{"rendered":"Grammamia! Guida per l\u2019insegnante (libro + CD)"},"content":{"rendered":"<p>GrammaMia! \u00e8 una grammatica italiana con esercizi rivolta a studenti stranieri dagli 11 ai 14 anni. Il testo costituisce un primo contatto con la grammatica italiana. Attraverso schede chiare ed essenziali, vengono spiegate tutte le principali regole della lingua. A ci\u00f2 vanno aggiunti moltissimi esercizi, quiz, giochi, che consentono di esercitarsi nell\u2019italiano e di ricavare al contempo informazioni sulla vita, la societ\u00e0, la cultura, la geografia e la storia italiana. Particolare attenzione \u00e8 stata rivolta agli ambiti lessicali pi\u00f9 frequentati dai giovani, fornendo quindi agli studenti strumenti non solo linguistici ma anche comunicativi.<\/p>\n","protected":false},"excerpt":{"rendered":"<p>GrammaMia! \u00e8 una grammatica italiana con esercizi rivolta a studenti stranieri dagli 11 ai 14 anni. Il testo costituisce un primo contatto con la grammatica italiana. Attraverso schede chiare ed essenziali, vengono spiegate tutte le principali regole della lingua. A&#8230;<\/p>\n","protected":false},"featured_media":136009,"template":"","meta":{"_acf_changed":false,"inline_featured_image":false},"product_brand":[],"product_cat":[888],"product_tag":[],"series":[],"publisher":[{"id":1461,"name":"ALMA Edizioni","slug":"alma-edizioni"}],"class_list":{"0":"post-93269","1":"product","2":"type-product","3":"status-publish","4":"has-post-thumbnail","6":"product_cat-itaalia-keel","7":"publisher-alma-edizioni","9":"first","10":"instock","11":"taxable","12":"shipping-taxable","13":"purchasable","14":"product-type-simple"},"acf":[],"_links":{"self":[{"href":"https:\/\/exlibris.ee\/ru\/wp-json\/wp\/v2\/product\/93269","targetHints":{"allow":["GET"]}}],"collection":[{"href":"https:\/\/exlibris.ee\/ru\/wp-json\/wp\/v2\/product"}],"about":[{"href":"https:\/\/exlibris.ee\/ru\/wp-json\/wp\/v2\/types\/product"}],"wp:featuredmedia":[{"embeddable":true,"href":"https:\/\/exlibris.ee\/ru\/wp-json\/wp\/v2\/media\/136009"}],"wp:attachment":[{"href":"https:\/\/exlibris.ee\/ru\/wp-json\/wp\/v2\/media?parent=93269"}],"wp:term":[{"taxonomy":"product_brand","embeddable":true,"href":"https:\/\/exlibris.ee\/ru\/wp-json\/wp\/v2\/product_brand?post=93269"},{"taxonomy":"product_cat","embeddable":true,"href":"https:\/\/exlibris.ee\/ru\/wp-json\/wp\/v2\/product_cat?post=93269"},{"taxonomy":"product_tag","embeddable":true,"href":"https:\/\/exlibris.ee\/ru\/wp-json\/wp\/v2\/product_tag?post=93269"},{"taxonomy":"series","embeddable":true,"href":"https:\/\/exlibris.ee\/ru\/wp-json\/wp\/v2\/series?post=93269"},{"taxonomy":"publisher","embeddable":true,"href":"https:\/\/exlibris.ee\/ru\/wp-json\/wp\/v2\/publisher?post=93269"}],"curies":[{"name":"wp","href":"https:\/\/api.w.org\/{rel}","templated":true}]}}