{"id":96453,"date":"2023-08-22T02:05:27","date_gmt":"2023-08-21T23:05:27","guid":{"rendered":"https:\/\/exlibris.ee\/toode\/la-vecina-de-al-lado-a2\/"},"modified":"2026-04-07T05:30:39","modified_gmt":"2026-04-07T02:30:39","slug":"la-vecina-de-al-lado-a2","status":"publish","type":"product","link":"https:\/\/exlibris.ee\/ru\/produkt\/la-vecina-de-al-lado-a2\/","title":{"rendered":"LA VECINA DE AL LADO  A2"},"content":{"rendered":"<p>Isabel emprende un viaje a las Alpujarras junto a Agamen\u00f3n, su gato, con el prop\u00f3sito de encontrar la tranquilidad y el silencio necesarios para escribir su nueva novela. La belleza del espl\u00e9ndido paisaje, la amabilidad de las gentes, la suntuosidad de la primavera, consiguen hacer feliz a Isabel. Sin embargo un misterioso vecino, el se\u00f1or Ben\u00edtez, vendr\u00e1 a turbar su anhelado sosiego por alg\u00fan inescrutable misterio. Cu\u00e1les son los prop\u00f3sitos que le inducen a comportarse de ese modo?<\/p>\n","protected":false},"excerpt":{"rendered":"<p>Isabel emprende un viaje a las Alpujarras junto a Agamen\u00f3n, su gato, con el prop\u00f3sito de encontrar la tranquilidad y el silencio necesarios para escribir su nueva novela. La belleza del espl\u00e9ndido paisaje, la amabilidad de las gentes, la suntuosidad&#8230;<\/p>\n","protected":false},"featured_media":0,"template":"","meta":{"_acf_changed":false,"inline_featured_image":false},"product_brand":[],"product_cat":[889],"product_tag":[],"series":[{"id":1595,"name":"Leer y Aprender","slug":"leer-y-aprender"}],"publisher":[{"id":1584,"name":"Cideb","slug":"cideb"}],"class_list":{"0":"post-96453","1":"product","2":"type-product","3":"status-publish","5":"product_cat-hispaania-keel","6":"series-leer-y-aprender","7":"publisher-cideb","9":"first","10":"onbackorder","11":"taxable","12":"shipping-taxable","13":"purchasable","14":"product-type-simple"},"acf":[],"_links":{"self":[{"href":"https:\/\/exlibris.ee\/ru\/wp-json\/wp\/v2\/product\/96453","targetHints":{"allow":["GET"]}}],"collection":[{"href":"https:\/\/exlibris.ee\/ru\/wp-json\/wp\/v2\/product"}],"about":[{"href":"https:\/\/exlibris.ee\/ru\/wp-json\/wp\/v2\/types\/product"}],"wp:attachment":[{"href":"https:\/\/exlibris.ee\/ru\/wp-json\/wp\/v2\/media?parent=96453"}],"wp:term":[{"taxonomy":"product_brand","embeddable":true,"href":"https:\/\/exlibris.ee\/ru\/wp-json\/wp\/v2\/product_brand?post=96453"},{"taxonomy":"product_cat","embeddable":true,"href":"https:\/\/exlibris.ee\/ru\/wp-json\/wp\/v2\/product_cat?post=96453"},{"taxonomy":"product_tag","embeddable":true,"href":"https:\/\/exlibris.ee\/ru\/wp-json\/wp\/v2\/product_tag?post=96453"},{"taxonomy":"series","embeddable":true,"href":"https:\/\/exlibris.ee\/ru\/wp-json\/wp\/v2\/series?post=96453"},{"taxonomy":"publisher","embeddable":true,"href":"https:\/\/exlibris.ee\/ru\/wp-json\/wp\/v2\/publisher?post=96453"}],"curies":[{"name":"wp","href":"https:\/\/api.w.org\/{rel}","templated":true}]}}