{"id":96466,"date":"2023-08-22T02:05:29","date_gmt":"2023-08-21T23:05:29","guid":{"rendered":"https:\/\/exlibris.ee\/toode\/destination-delf-b2\/"},"modified":"2026-04-05T17:34:54","modified_gmt":"2026-04-05T14:34:54","slug":"destination-delf-b2","status":"publish","type":"product","link":"https:\/\/exlibris.ee\/ru\/produkt\/destination-delf-b2\/","title":{"rendered":"DESTINATION DELF B2"},"content":{"rendered":"<p>Series\u2019 features:\u2022 4 volumes, one for each level, with a wide range of interactive exercises to practise the 4 skills (Compr\u00e9hension de l\u2019oral, Compr\u00e9hension des \u00e9crits, Production \u00e9crite e Production orale) \u2022 Civilisation sections based on the 4 language skills \u2022 3 complete Practice Tests.<\/p>\n","protected":false},"excerpt":{"rendered":"<p>Series\u2019 features:\u2022 4 volumes, one for each level, with a wide range of interactive exercises to practise the 4 skills (Compr\u00e9hension de l\u2019oral, Compr\u00e9hension des \u00e9crits, Production \u00e9crite e Production orale) \u2022 Civilisation sections based on the 4 language skills&#8230;<\/p>\n","protected":false},"featured_media":96083,"template":"","meta":{"_acf_changed":false,"inline_featured_image":false},"product_brand":[],"product_cat":[887],"product_tag":[],"series":[{"id":1610,"name":"Delf","slug":"delf"}],"publisher":[{"id":1584,"name":"Cideb","slug":"cideb"}],"class_list":{"0":"post-96466","1":"product","2":"type-product","3":"status-publish","4":"has-post-thumbnail","6":"product_cat-prantsuse-keel","7":"series-delf","8":"publisher-cideb","10":"first","11":"instock","12":"taxable","13":"shipping-taxable","14":"purchasable","15":"product-type-simple"},"acf":[],"_links":{"self":[{"href":"https:\/\/exlibris.ee\/ru\/wp-json\/wp\/v2\/product\/96466","targetHints":{"allow":["GET"]}}],"collection":[{"href":"https:\/\/exlibris.ee\/ru\/wp-json\/wp\/v2\/product"}],"about":[{"href":"https:\/\/exlibris.ee\/ru\/wp-json\/wp\/v2\/types\/product"}],"wp:featuredmedia":[{"embeddable":true,"href":"https:\/\/exlibris.ee\/ru\/wp-json\/wp\/v2\/media\/96083"}],"wp:attachment":[{"href":"https:\/\/exlibris.ee\/ru\/wp-json\/wp\/v2\/media?parent=96466"}],"wp:term":[{"taxonomy":"product_brand","embeddable":true,"href":"https:\/\/exlibris.ee\/ru\/wp-json\/wp\/v2\/product_brand?post=96466"},{"taxonomy":"product_cat","embeddable":true,"href":"https:\/\/exlibris.ee\/ru\/wp-json\/wp\/v2\/product_cat?post=96466"},{"taxonomy":"product_tag","embeddable":true,"href":"https:\/\/exlibris.ee\/ru\/wp-json\/wp\/v2\/product_tag?post=96466"},{"taxonomy":"series","embeddable":true,"href":"https:\/\/exlibris.ee\/ru\/wp-json\/wp\/v2\/series?post=96466"},{"taxonomy":"publisher","embeddable":true,"href":"https:\/\/exlibris.ee\/ru\/wp-json\/wp\/v2\/publisher?post=96466"}],"curies":[{"name":"wp","href":"https:\/\/api.w.org\/{rel}","templated":true}]}}